{"id":49510,"date":"2025-02-19T14:10:39","date_gmt":"2025-02-19T13:10:39","guid":{"rendered":"https:\/\/spnjo.uwr.edu.pl\/?page_id=49510"},"modified":"2026-01-27T11:39:03","modified_gmt":"2026-01-27T10:39:03","slug":"exemptions-from-the-course","status":"publish","type":"page","link":"https:\/\/spnjo.uwr.edu.pl\/en\/exemptions-from-the-course\/","title":{"rendered":"Exemptions from the course"},"content":{"rendered":"\n<div class=\"wp-block-ugb-container ugb-container ugb-8dda971 ugb-container--v2 ugb-container--design-plain ugb-main-block\"><div class=\"ugb-inner-block\"><div class=\"ugb-block-content\"><div class=\"ugb-container__wrapper ugb-8dda971-wrapper\"><div class=\"ugb-container__side\"><div class=\"ugb-container__content-wrapper ugb-8dda971-content-wrapper\">\n<div class=\"wp-block-columns bs-news-page is-layout-flex wp-block-columns-is-layout-flex\">\n<div class=\"wp-block-column bs-kontakt-photo is-layout-flow wp-block-column-is-layout-flow\">\n<figure class=\"wp-block-image size-large\"><img decoding=\"async\" src=\"https:\/\/spnjo.uwr.edu.pl\/wp-content\/uploads\/sites\/59\/2022\/05\/zwolnienie-1024x682.webp\" alt=\".\" class=\"wp-image-18080\"\/><\/figure>\n<\/div>\n\n\n\n<div class=\"wp-block-column bs-contact-right-column is-layout-flow wp-block-column-is-layout-flow\">\n<div class=\"wp-block-bonasoft-modular-breadcrumbs-block\"><div class=\"bs_add_breadcrumb_trail\"><\/div><\/div>\n\n\n\n<hr class=\"wp-block-separator has-text-color has-black-color has-css-opacity has-black-background-color has-background is-style-wide bs-border-kontakt\"\/>\n\n\n\n<h1 class=\"wp-block-heading has-text-align-center bs-naglowek-podstrony\" id=\"zwolnienia-z-lektoratu\"><strong>Exemptions from the foreign language course<\/strong>&nbsp;<\/h1>\n\n\n\n<ul class=\"wp-block-list\">\n<li>If any student wishes to <strong>be exempt<\/strong> from the foreign language course on the basis of a <strong>certificate, they should not take the placement test<\/strong> or sign up for the foreign language course. Any student who takes the placement test <strong>will not be able to exempt themself<\/strong> from the foreign language course on the basis of a certificate or any other document recognised by SPNJO issued <strong>on any earlier date than the date upon which they take the placement test.<\/strong>&nbsp;<\/li>\n\n\n\n<li>A student can be exempted from the foreign language course on the basis of a certificate confirming four language competences. A list of recognised certificates can be found here:\u202f<a href=\"https:\/\/spnjo.uwr.edu.pl\/jezyki-nowozytne-zwolnienia\/\">modern languages.<\/a> &nbsp;<\/li>\n\n\n\n<li>A diploma for the completion of a higher education course in English is not a basis for exemption from the foreign language course.&nbsp;<\/li>\n\n\n\n<li>Any student who has a <strong>diploma for philology in any foreign language other<\/strong> than those offered by SPNJO should apply to the Dean of their faculty for exemption from the foreign language course.&nbsp;<\/li>\n\n\n\n<li>Any certificates or assessments older than five years will not be accepted.&nbsp;<\/li>\n\n\n\n<li>Any student who would like to use the allocated time slots to learn another language should present the appropriate exemption documentation as soon as possible.&nbsp;<\/li>\n<\/ul>\n<\/div>\n<\/div>\n\n\n\n<div class=\"wp-block-ugb-container ugb-container bs-news-page-under ugb-f8694ce ugb-container--v2 ugb-container--design-plain ugb-main-block\"><div class=\"ugb-inner-block\"><div class=\"ugb-block-content\"><div class=\"ugb-container__wrapper ugb-f8694ce-wrapper\"><div class=\"ugb-container__side\"><div class=\"ugb-container__content-wrapper ugb-f8694ce-content-wrapper\">\n<p><strong>To obtain an English language exemption, <\/strong>please complete the\u202f<strong><a href=\"https:\/\/forms.office.com\/Pages\/ResponsePage.aspx?id=-b5xKxM7MkS19B9awieNDN2drxNCRQ9NpOrV0emxNexUQzM3VlpHQ1ZYSlFaTkxEWkVRQk8xMjRGSS4u\">form<\/a><\/strong>\u202fand attach a maximum of two pages of a <strong>scanned<\/strong> certificate with all of the student&#8217;s details, level and scope of examination, as well as the grade.&nbsp;<\/p>\n\n\n\n<p><em>Before completing the form, please prepare scans of the document, with a maximum of two pages, named as follows:<\/em>&nbsp;<br><strong>Surname, Given Name, Student ID Number, Major, 1<\/strong>&nbsp;<br><strong>Surname, Given Name, Student ID Number, Major, 2<\/strong>&nbsp;<\/p>\n\n\n\n<p>This form is available on the same dates as the placement test. Applications for transferring a grade and exemption from the foreign language course or the foreign language course and examination will be considered during the semester. The grade will be entered in USOS by the end of the examination session.&nbsp;<\/p>\n\n\n\n<p>SPNJO may request to see the original certificate.&nbsp;<\/p>\n\n\n\n<p><strong>To obtain an exemption in a language <\/strong><strong>other<\/strong><strong> than English, <\/strong>please <strong>send<\/strong> a scan of the appropriate exemption document via <strong>e-mail<\/strong> or submit the original document to the one of the contacts below during office hours.\u202f&nbsp;<\/p>\n\n\n\n<p><em>We would like to remind you that undergraduate and postgraduate students of the University of Wroc\u0142aw are required to <\/em><strong><em>communicate<\/em><\/strong><em> with all University employees via their <\/em><strong><em>university e-mail address<\/em><\/strong><em> at the domain\u202f<\/em><strong><em>uwr.edu.pl<\/em><\/strong><em>,\u202fand, to facilitate quick identification, they are asked to provide their given name, surname, and the following details: <\/em><strong><em>student ID number, mode of study, degree, year, field, and faculty.<\/em><\/strong>&nbsp;<\/p>\n\n\n\n<ul class=\"wp-block-list\">\n<li>German &#8211; mgr Dorota Snoch: <a href=\"mailto:dorota.snoch@uwr.edu.pl\">dorota.snoch@uwr.edu.pl<\/a><\/li>\n\n\n\n<li>Romance languages &#8211; mgr Marta Walesiak: <a href=\"mailto:marta.walesiak@uwr.edu.pl\">marta.walesiak@uwr.edu.pl<\/a><\/li>\n\n\n\n<li>Russian &#8211; mgr Wanda M\u0119ci\u0144ska-Kiedro\u0144: <a href=\"mailto:wanda.mecinska-kiedron@uwr.edu.pl\">wanda.mecinska-kiedron@uwr.edu.pl<\/a><\/li>\n\n\n\n<li>Latin &#8211; mgr Beata Machalska: <a href=\"mailto:beata.machalska@uwr.edu.pl\">beata.machalska@uwr.edu.pl<\/a><\/li>\n<\/ul>\n<\/div><\/div><\/div><\/div><\/div><\/div>\n<\/div><\/div><\/div><\/div><\/div><\/div>\n","protected":false},"excerpt":{"rendered":"<p>Exemptions from the foreign language course&nbsp; To obtain an English language exemption, please complete the\u202fform\u202fand attach a maximum of two pages of a scanned certificate with all of the student&#8217;s details, level and scope of examination, as well as the grade.&nbsp; Before completing the form, please prepare scans of the document, with a maximum of [&hellip;]<\/p>\n","protected":false},"author":264,"featured_media":0,"parent":0,"menu_order":6,"comment_status":"closed","ping_status":"closed","template":"","meta":{"_acf_changed":false,"inline_featured_image":false,"site-sidebar-layout":"","site-content-layout":"","ast-site-content-layout":"default","site-content-style":"default","site-sidebar-style":"default","ast-global-header-display":"","ast-banner-title-visibility":"","ast-main-header-display":"","ast-hfb-above-header-display":"","ast-hfb-below-header-display":"","ast-hfb-mobile-header-display":"","site-post-title":"","ast-breadcrumbs-content":"","ast-featured-img":"","footer-sml-layout":"","ast-disable-related-posts":"","theme-transparent-header-meta":"","adv-header-id-meta":"","stick-header-meta":"","header-above-stick-meta":"","header-main-stick-meta":"","header-below-stick-meta":"","astra-migrate-meta-layouts":"set","ast-page-background-enabled":"default","ast-page-background-meta":{"desktop":{"background-color":"","background-image":"","background-repeat":"repeat","background-position":"center center","background-size":"auto","background-attachment":"scroll","background-type":"","background-media":"","overlay-type":"","overlay-color":"","overlay-opacity":"","overlay-gradient":""},"tablet":{"background-color":"","background-image":"","background-repeat":"repeat","background-position":"center center","background-size":"auto","background-attachment":"scroll","background-type":"","background-media":"","overlay-type":"","overlay-color":"","overlay-opacity":"","overlay-gradient":""},"mobile":{"background-color":"","background-image":"","background-repeat":"repeat","background-position":"center center","background-size":"auto","background-attachment":"scroll","background-type":"","background-media":"","overlay-type":"","overlay-color":"","overlay-opacity":"","overlay-gradient":""}},"ast-content-background-meta":{"desktop":{"background-color":"var(--ast-global-color-5)","background-image":"","background-repeat":"repeat","background-position":"center center","background-size":"auto","background-attachment":"scroll","background-type":"","background-media":"","overlay-type":"","overlay-color":"","overlay-opacity":"","overlay-gradient":""},"tablet":{"background-color":"var(--ast-global-color-5)","background-image":"","background-repeat":"repeat","background-position":"center center","background-size":"auto","background-attachment":"scroll","background-type":"","background-media":"","overlay-type":"","overlay-color":"","overlay-opacity":"","overlay-gradient":""},"mobile":{"background-color":"var(--ast-global-color-5)","background-image":"","background-repeat":"repeat","background-position":"center center","background-size":"auto","background-attachment":"scroll","background-type":"","background-media":"","overlay-type":"","overlay-color":"","overlay-opacity":"","overlay-gradient":""}},"footnotes":""},"categories":[],"tags":[],"class_list":["post-49510","page","type-page","status-publish","hentry"],"featured_image_urls_v2":{"full":"","thumbnail":"","medium":"","medium_large":"","large":"","1536x1536":"","2048x2048":"","menu-24x24":"","menu-36x36":"","menu-48x48":""},"post_excerpt_stackable_v2":"<p>Exemptions from the foreign language course&nbsp; If any student wishes to be exempt from the foreign language course on the basis of a certificate, they should not take the placement test or sign up for the foreign language course. Any student who takes the placement test will not be able to exempt themself from the foreign language course on the basis of a certificate or any other document recognised by SPNJO issued on any earlier date than the date upon which they take the placement test.&nbsp; A student can be exempted from the foreign language course on the basis of&hellip;<\/p>\n","category_list_v2":"Uncategorized","author_info_v2":{"name":"zkubicz","url":"https:\/\/spnjo.uwr.edu.pl\/en\/author\/zkubicz\/"},"comments_num_v2":"0 comments","acf":[],"yoast_head":"<!-- This site is optimized with the Yoast SEO plugin v27.1.1 - https:\/\/yoast.com\/product\/yoast-seo-wordpress\/ -->\n<title>Exemptions from the course - Studium Praktycznej Nauki J\u0119zyk\u00f3w Obcych<\/title>\n<meta name=\"description\" content=\"Studium Praktycznej Nauki J\u0119zyk\u00f3w Obcych\" \/>\n<meta name=\"robots\" content=\"index, follow, max-snippet:-1, max-image-preview:large, max-video-preview:-1\" \/>\n<link rel=\"canonical\" href=\"https:\/\/spnjo.uwr.edu.pl\/en\/exemptions-from-the-course\/\" \/>\n<meta property=\"og:locale\" content=\"en_US\" \/>\n<meta property=\"og:type\" content=\"article\" \/>\n<meta property=\"og:title\" content=\"Exemptions from the course - Studium Praktycznej Nauki J\u0119zyk\u00f3w Obcych\" \/>\n<meta property=\"og:description\" content=\"Studium Praktycznej Nauki J\u0119zyk\u00f3w Obcych\" \/>\n<meta property=\"og:url\" content=\"https:\/\/spnjo.uwr.edu.pl\/en\/exemptions-from-the-course\/\" \/>\n<meta property=\"og:site_name\" content=\"Studium Praktycznej Nauki J\u0119zyk\u00f3w Obcych\" \/>\n<meta property=\"article:modified_time\" content=\"2026-01-27T10:39:03+00:00\" \/>\n<meta name=\"twitter:card\" content=\"summary_large_image\" \/>\n<meta name=\"twitter:label1\" content=\"Est. reading time\" \/>\n\t<meta name=\"twitter:data1\" content=\"3 minutes\" \/>\n<script type=\"application\/ld+json\" class=\"yoast-schema-graph\">{\"@context\":\"https:\/\/schema.org\",\"@graph\":[{\"@type\":\"WebPage\",\"@id\":\"https:\/\/spnjo.uwr.edu.pl\/en\/exemptions-from-the-course\/\",\"url\":\"https:\/\/spnjo.uwr.edu.pl\/en\/exemptions-from-the-course\/\",\"name\":\"Exemptions from the course - Studium Praktycznej Nauki J\u0119zyk\u00f3w Obcych\",\"isPartOf\":{\"@id\":\"https:\/\/spnjo.uwr.edu.pl\/pl\/#website\"},\"primaryImageOfPage\":{\"@id\":\"https:\/\/spnjo.uwr.edu.pl\/en\/exemptions-from-the-course\/#primaryimage\"},\"image\":{\"@id\":\"https:\/\/spnjo.uwr.edu.pl\/en\/exemptions-from-the-course\/#primaryimage\"},\"thumbnailUrl\":\"https:\/\/spnjo.uwr.edu.pl\/wp-content\/uploads\/sites\/59\/2022\/05\/zwolnienie-1024x682.webp\",\"datePublished\":\"2025-02-19T13:10:39+00:00\",\"dateModified\":\"2026-01-27T10:39:03+00:00\",\"description\":\"Studium Praktycznej Nauki J\u0119zyk\u00f3w Obcych\",\"breadcrumb\":{\"@id\":\"https:\/\/spnjo.uwr.edu.pl\/en\/exemptions-from-the-course\/#breadcrumb\"},\"inLanguage\":\"en-US\",\"potentialAction\":[{\"@type\":\"ReadAction\",\"target\":[\"https:\/\/spnjo.uwr.edu.pl\/en\/exemptions-from-the-course\/\"]}]},{\"@type\":\"ImageObject\",\"inLanguage\":\"en-US\",\"@id\":\"https:\/\/spnjo.uwr.edu.pl\/en\/exemptions-from-the-course\/#primaryimage\",\"url\":\"https:\/\/spnjo.uwr.edu.pl\/wp-content\/uploads\/sites\/59\/2022\/05\/zwolnienie-1024x682.webp\",\"contentUrl\":\"https:\/\/spnjo.uwr.edu.pl\/wp-content\/uploads\/sites\/59\/2022\/05\/zwolnienie-1024x682.webp\"},{\"@type\":\"BreadcrumbList\",\"@id\":\"https:\/\/spnjo.uwr.edu.pl\/en\/exemptions-from-the-course\/#breadcrumb\",\"itemListElement\":[{\"@type\":\"ListItem\",\"position\":1,\"name\":\"Strona g\u0142\u00f3wna\",\"item\":\"https:\/\/spnjo.uwr.edu.pl\/\"},{\"@type\":\"ListItem\",\"position\":2,\"name\":\"Exemptions from the course\"}]},{\"@type\":\"WebSite\",\"@id\":\"https:\/\/spnjo.uwr.edu.pl\/pl\/#website\",\"url\":\"https:\/\/spnjo.uwr.edu.pl\/pl\/\",\"name\":\"Studium Praktycznej Nauki J\u0119zyk\u00f3w Obcych\",\"description\":\"Kolejna witryna sieci \u201eUWR Witryny\u201d\",\"publisher\":{\"@id\":\"https:\/\/spnjo.uwr.edu.pl\/pl\/#organization\"},\"potentialAction\":[{\"@type\":\"SearchAction\",\"target\":{\"@type\":\"EntryPoint\",\"urlTemplate\":\"https:\/\/spnjo.uwr.edu.pl\/pl\/?s={search_term_string}\"},\"query-input\":{\"@type\":\"PropertyValueSpecification\",\"valueRequired\":true,\"valueName\":\"search_term_string\"}}],\"inLanguage\":\"en-US\"},{\"@type\":\"Organization\",\"@id\":\"https:\/\/spnjo.uwr.edu.pl\/pl\/#organization\",\"name\":\"Studium Praktycznej Nauki J\u0119zyk\u00f3w Obcych\",\"url\":\"https:\/\/spnjo.uwr.edu.pl\/pl\/\",\"logo\":{\"@type\":\"ImageObject\",\"inLanguage\":\"en-US\",\"@id\":\"https:\/\/spnjo.uwr.edu.pl\/pl\/#\/schema\/logo\/image\/\",\"url\":\"https:\/\/spnjo.uwr.edu.pl\/wp-content\/uploads\/sites\/59\/2025\/10\/UWr-logotyp-2025.png\",\"contentUrl\":\"https:\/\/spnjo.uwr.edu.pl\/wp-content\/uploads\/sites\/59\/2025\/10\/UWr-logotyp-2025.png\",\"width\":764,\"height\":269,\"caption\":\"Studium Praktycznej Nauki J\u0119zyk\u00f3w Obcych\"},\"image\":{\"@id\":\"https:\/\/spnjo.uwr.edu.pl\/pl\/#\/schema\/logo\/image\/\"}}]}<\/script>\n<!-- \/ Yoast SEO plugin. -->","yoast_head_json":{"title":"Exemptions from the course - Studium Praktycznej Nauki J\u0119zyk\u00f3w Obcych","description":"Studium Praktycznej Nauki J\u0119zyk\u00f3w Obcych","robots":{"index":"index","follow":"follow","max-snippet":"max-snippet:-1","max-image-preview":"max-image-preview:large","max-video-preview":"max-video-preview:-1"},"canonical":"https:\/\/spnjo.uwr.edu.pl\/en\/exemptions-from-the-course\/","og_locale":"en_US","og_type":"article","og_title":"Exemptions from the course - Studium Praktycznej Nauki J\u0119zyk\u00f3w Obcych","og_description":"Studium Praktycznej Nauki J\u0119zyk\u00f3w Obcych","og_url":"https:\/\/spnjo.uwr.edu.pl\/en\/exemptions-from-the-course\/","og_site_name":"Studium Praktycznej Nauki J\u0119zyk\u00f3w Obcych","article_modified_time":"2026-01-27T10:39:03+00:00","twitter_card":"summary_large_image","twitter_misc":{"Est. reading time":"3 minutes"},"schema":{"@context":"https:\/\/schema.org","@graph":[{"@type":"WebPage","@id":"https:\/\/spnjo.uwr.edu.pl\/en\/exemptions-from-the-course\/","url":"https:\/\/spnjo.uwr.edu.pl\/en\/exemptions-from-the-course\/","name":"Exemptions from the course - Studium Praktycznej Nauki J\u0119zyk\u00f3w Obcych","isPartOf":{"@id":"https:\/\/spnjo.uwr.edu.pl\/pl\/#website"},"primaryImageOfPage":{"@id":"https:\/\/spnjo.uwr.edu.pl\/en\/exemptions-from-the-course\/#primaryimage"},"image":{"@id":"https:\/\/spnjo.uwr.edu.pl\/en\/exemptions-from-the-course\/#primaryimage"},"thumbnailUrl":"https:\/\/spnjo.uwr.edu.pl\/wp-content\/uploads\/sites\/59\/2022\/05\/zwolnienie-1024x682.webp","datePublished":"2025-02-19T13:10:39+00:00","dateModified":"2026-01-27T10:39:03+00:00","description":"Studium Praktycznej Nauki J\u0119zyk\u00f3w Obcych","breadcrumb":{"@id":"https:\/\/spnjo.uwr.edu.pl\/en\/exemptions-from-the-course\/#breadcrumb"},"inLanguage":"en-US","potentialAction":[{"@type":"ReadAction","target":["https:\/\/spnjo.uwr.edu.pl\/en\/exemptions-from-the-course\/"]}]},{"@type":"ImageObject","inLanguage":"en-US","@id":"https:\/\/spnjo.uwr.edu.pl\/en\/exemptions-from-the-course\/#primaryimage","url":"https:\/\/spnjo.uwr.edu.pl\/wp-content\/uploads\/sites\/59\/2022\/05\/zwolnienie-1024x682.webp","contentUrl":"https:\/\/spnjo.uwr.edu.pl\/wp-content\/uploads\/sites\/59\/2022\/05\/zwolnienie-1024x682.webp"},{"@type":"BreadcrumbList","@id":"https:\/\/spnjo.uwr.edu.pl\/en\/exemptions-from-the-course\/#breadcrumb","itemListElement":[{"@type":"ListItem","position":1,"name":"Strona g\u0142\u00f3wna","item":"https:\/\/spnjo.uwr.edu.pl\/"},{"@type":"ListItem","position":2,"name":"Exemptions from the course"}]},{"@type":"WebSite","@id":"https:\/\/spnjo.uwr.edu.pl\/pl\/#website","url":"https:\/\/spnjo.uwr.edu.pl\/pl\/","name":"Studium Praktycznej Nauki J\u0119zyk\u00f3w Obcych","description":"Kolejna witryna sieci \u201eUWR Witryny\u201d","publisher":{"@id":"https:\/\/spnjo.uwr.edu.pl\/pl\/#organization"},"potentialAction":[{"@type":"SearchAction","target":{"@type":"EntryPoint","urlTemplate":"https:\/\/spnjo.uwr.edu.pl\/pl\/?s={search_term_string}"},"query-input":{"@type":"PropertyValueSpecification","valueRequired":true,"valueName":"search_term_string"}}],"inLanguage":"en-US"},{"@type":"Organization","@id":"https:\/\/spnjo.uwr.edu.pl\/pl\/#organization","name":"Studium Praktycznej Nauki J\u0119zyk\u00f3w Obcych","url":"https:\/\/spnjo.uwr.edu.pl\/pl\/","logo":{"@type":"ImageObject","inLanguage":"en-US","@id":"https:\/\/spnjo.uwr.edu.pl\/pl\/#\/schema\/logo\/image\/","url":"https:\/\/spnjo.uwr.edu.pl\/wp-content\/uploads\/sites\/59\/2025\/10\/UWr-logotyp-2025.png","contentUrl":"https:\/\/spnjo.uwr.edu.pl\/wp-content\/uploads\/sites\/59\/2025\/10\/UWr-logotyp-2025.png","width":764,"height":269,"caption":"Studium Praktycznej Nauki J\u0119zyk\u00f3w Obcych"},"image":{"@id":"https:\/\/spnjo.uwr.edu.pl\/pl\/#\/schema\/logo\/image\/"}}]}},"publishpress_future_action":{"enabled":false,"date":"2026-04-12 01:55:05","action":"change-status","newStatus":"draft","terms":[],"taxonomy":"category","extraData":[]},"publishpress_future_workflow_manual_trigger":{"enabledWorkflows":[]},"_links":{"self":[{"href":"https:\/\/spnjo.uwr.edu.pl\/en\/wp-json\/wp\/v2\/pages\/49510\/"}],"collection":[{"href":"https:\/\/spnjo.uwr.edu.pl\/en\/wp-json\/wp\/v2\/pages\/"}],"about":[{"href":"https:\/\/spnjo.uwr.edu.pl\/en\/wp-json\/wp\/v2\/types\/page\/"}],"author":[{"embeddable":true,"href":"https:\/\/spnjo.uwr.edu.pl\/en\/wp-json\/wp\/v2\/users\/264\/"}],"replies":[{"embeddable":true,"href":"https:\/\/spnjo.uwr.edu.pl\/en\/wp-json\/wp\/v2\/comments\/?post=49510"}],"version-history":[{"count":5,"href":"https:\/\/spnjo.uwr.edu.pl\/en\/wp-json\/wp\/v2\/pages\/49510\/revisions\/"}],"predecessor-version":[{"id":53620,"href":"https:\/\/spnjo.uwr.edu.pl\/en\/wp-json\/wp\/v2\/pages\/49510\/revisions\/53620\/"}],"wp:attachment":[{"href":"https:\/\/spnjo.uwr.edu.pl\/en\/wp-json\/wp\/v2\/media\/?parent=49510"}],"wp:term":[{"taxonomy":"category","embeddable":true,"href":"https:\/\/spnjo.uwr.edu.pl\/en\/wp-json\/wp\/v2\/categories\/?post=49510"},{"taxonomy":"post_tag","embeddable":true,"href":"https:\/\/spnjo.uwr.edu.pl\/en\/wp-json\/wp\/v2\/tags\/?post=49510"}],"curies":[{"name":"wp","href":"https:\/\/api.w.org\/{rel}","templated":true}]}}