{"id":35106,"date":"2021-04-12T11:18:11","date_gmt":"2021-04-12T09:18:11","guid":{"rendered":"https:\/\/spnjo.uwr.edu.pl\/aktualnosci\/"},"modified":"2022-10-27T12:43:15","modified_gmt":"2022-10-27T10:43:15","slug":"news","status":"publish","type":"page","link":"https:\/\/spnjo.uwr.edu.pl\/en\/news\/","title":{"rendered":"News"},"content":{"rendered":"\n<p>Definicja strony aktualno\u015bci znajduje si\u0119 w pliku szablonu news-template.php.<\/p>\n","protected":false},"excerpt":{"rendered":"<p>Definicja strony aktualno\u015bci znajduje si\u0119 w pliku szablonu news-template.php.<\/p>\n","protected":false},"author":20,"featured_media":0,"parent":0,"menu_order":0,"comment_status":"closed","ping_status":"closed","template":"news-template.php","meta":{"_acf_changed":false,"inline_featured_image":false,"site-sidebar-layout":"no-sidebar","site-content-layout":"page-builder","ast-site-content-layout":"default","site-content-style":"default","site-sidebar-style":"default","ast-global-header-display":"","ast-banner-title-visibility":"","ast-main-header-display":"","ast-hfb-above-header-display":"","ast-hfb-below-header-display":"","ast-hfb-mobile-header-display":"","site-post-title":"","ast-breadcrumbs-content":"","ast-featured-img":"","footer-sml-layout":"","ast-disable-related-posts":"","theme-transparent-header-meta":"default","adv-header-id-meta":"","stick-header-meta":"","header-above-stick-meta":"","header-main-stick-meta":"","header-below-stick-meta":"","astra-migrate-meta-layouts":"default","ast-page-background-enabled":"default","ast-page-background-meta":{"desktop":{"background-color":"","background-image":"","background-repeat":"repeat","background-position":"center center","background-size":"auto","background-attachment":"scroll","background-type":"","background-media":"","overlay-type":"","overlay-color":"","overlay-opacity":"","overlay-gradient":""},"tablet":{"background-color":"","background-image":"","background-repeat":"repeat","background-position":"center center","background-size":"auto","background-attachment":"scroll","background-type":"","background-media":"","overlay-type":"","overlay-color":"","overlay-opacity":"","overlay-gradient":""},"mobile":{"background-color":"","background-image":"","background-repeat":"repeat","background-position":"center center","background-size":"auto","background-attachment":"scroll","background-type":"","background-media":"","overlay-type":"","overlay-color":"","overlay-opacity":"","overlay-gradient":""}},"ast-content-background-meta":{"desktop":{"background-color":"var(--ast-global-color-5)","background-image":"","background-repeat":"repeat","background-position":"center center","background-size":"auto","background-attachment":"scroll","background-type":"","background-media":"","overlay-type":"","overlay-color":"","overlay-opacity":"","overlay-gradient":""},"tablet":{"background-color":"var(--ast-global-color-5)","background-image":"","background-repeat":"repeat","background-position":"center center","background-size":"auto","background-attachment":"scroll","background-type":"","background-media":"","overlay-type":"","overlay-color":"","overlay-opacity":"","overlay-gradient":""},"mobile":{"background-color":"var(--ast-global-color-5)","background-image":"","background-repeat":"repeat","background-position":"center center","background-size":"auto","background-attachment":"scroll","background-type":"","background-media":"","overlay-type":"","overlay-color":"","overlay-opacity":"","overlay-gradient":""}},"footnotes":""},"categories":[],"tags":[],"class_list":["post-35106","page","type-page","status-publish","hentry"],"featured_image_urls_v2":{"full":"","thumbnail":"","medium":"","medium_large":"","large":"","1536x1536":"","2048x2048":"","menu-24x24":"","menu-36x36":"","menu-48x48":""},"post_excerpt_stackable_v2":"<p>Definicja strony aktualno\u015bci znajduje si\u0119 w pliku szablonu news-template.php.<\/p>\n","category_list_v2":"Uncategorized","author_info_v2":{"name":"mmatlinski","url":"https:\/\/spnjo.uwr.edu.pl\/en\/author\/mmatlinski\/"},"comments_num_v2":"0 comments","acf":[],"yoast_head":"<!-- This site is optimized with the Yoast SEO plugin v27.1.1 - https:\/\/yoast.com\/product\/yoast-seo-wordpress\/ -->\n<title>News - Studium Praktycznej Nauki J\u0119zyk\u00f3w Obcych<\/title>\n<meta name=\"description\" content=\"Studium Praktycznej Nauki J\u0119zyk\u00f3w Obcych\" \/>\n<meta name=\"robots\" content=\"index, follow, max-snippet:-1, max-image-preview:large, max-video-preview:-1\" \/>\n<link rel=\"canonical\" href=\"https:\/\/spnjo.uwr.edu.pl\/news\/\" \/>\n<meta property=\"og:locale\" content=\"en_US\" \/>\n<meta property=\"og:type\" content=\"article\" \/>\n<meta property=\"og:title\" content=\"News - Studium Praktycznej Nauki J\u0119zyk\u00f3w Obcych\" \/>\n<meta property=\"og:description\" content=\"Studium Praktycznej Nauki J\u0119zyk\u00f3w Obcych\" \/>\n<meta property=\"og:url\" content=\"https:\/\/spnjo.uwr.edu.pl\/news\/\" \/>\n<meta property=\"og:site_name\" content=\"Studium Praktycznej Nauki J\u0119zyk\u00f3w Obcych\" \/>\n<meta property=\"article:modified_time\" content=\"2022-10-27T10:43:15+00:00\" \/>\n<meta name=\"twitter:card\" content=\"summary_large_image\" \/>\n<meta name=\"twitter:label1\" content=\"Est. reading time\" \/>\n\t<meta name=\"twitter:data1\" content=\"1 minute\" \/>\n<script type=\"application\/ld+json\" class=\"yoast-schema-graph\">{\"@context\":\"https:\/\/schema.org\",\"@graph\":[{\"@type\":\"WebPage\",\"@id\":\"https:\/\/spnjo.uwr.edu.pl\/news\/\",\"url\":\"https:\/\/spnjo.uwr.edu.pl\/news\/\",\"name\":\"News - Studium Praktycznej Nauki J\u0119zyk\u00f3w Obcych\",\"isPartOf\":{\"@id\":\"https:\/\/spnjo.uwr.edu.pl\/pl\/#website\"},\"datePublished\":\"2021-04-12T09:18:11+00:00\",\"dateModified\":\"2022-10-27T10:43:15+00:00\",\"description\":\"Studium Praktycznej Nauki J\u0119zyk\u00f3w Obcych\",\"breadcrumb\":{\"@id\":\"https:\/\/spnjo.uwr.edu.pl\/news\/#breadcrumb\"},\"inLanguage\":\"en-US\",\"potentialAction\":[{\"@type\":\"ReadAction\",\"target\":[\"https:\/\/spnjo.uwr.edu.pl\/news\/\"]}]},{\"@type\":\"BreadcrumbList\",\"@id\":\"https:\/\/spnjo.uwr.edu.pl\/news\/#breadcrumb\",\"itemListElement\":[{\"@type\":\"ListItem\",\"position\":1,\"name\":\"Strona g\u0142\u00f3wna\",\"item\":\"https:\/\/spnjo.uwr.edu.pl\/\"},{\"@type\":\"ListItem\",\"position\":2,\"name\":\"News\"}]},{\"@type\":\"WebSite\",\"@id\":\"https:\/\/spnjo.uwr.edu.pl\/pl\/#website\",\"url\":\"https:\/\/spnjo.uwr.edu.pl\/pl\/\",\"name\":\"Studium Praktycznej Nauki J\u0119zyk\u00f3w Obcych\",\"description\":\"Kolejna witryna sieci \u201eUWR Witryny\u201d\",\"publisher\":{\"@id\":\"https:\/\/spnjo.uwr.edu.pl\/pl\/#organization\"},\"potentialAction\":[{\"@type\":\"SearchAction\",\"target\":{\"@type\":\"EntryPoint\",\"urlTemplate\":\"https:\/\/spnjo.uwr.edu.pl\/pl\/?s={search_term_string}\"},\"query-input\":{\"@type\":\"PropertyValueSpecification\",\"valueRequired\":true,\"valueName\":\"search_term_string\"}}],\"inLanguage\":\"en-US\"},{\"@type\":\"Organization\",\"@id\":\"https:\/\/spnjo.uwr.edu.pl\/pl\/#organization\",\"name\":\"Studium Praktycznej Nauki J\u0119zyk\u00f3w Obcych\",\"url\":\"https:\/\/spnjo.uwr.edu.pl\/pl\/\",\"logo\":{\"@type\":\"ImageObject\",\"inLanguage\":\"en-US\",\"@id\":\"https:\/\/spnjo.uwr.edu.pl\/pl\/#\/schema\/logo\/image\/\",\"url\":\"https:\/\/spnjo.uwr.edu.pl\/wp-content\/uploads\/sites\/59\/2025\/10\/UWr-logotyp-2025.png\",\"contentUrl\":\"https:\/\/spnjo.uwr.edu.pl\/wp-content\/uploads\/sites\/59\/2025\/10\/UWr-logotyp-2025.png\",\"width\":764,\"height\":269,\"caption\":\"Studium Praktycznej Nauki J\u0119zyk\u00f3w Obcych\"},\"image\":{\"@id\":\"https:\/\/spnjo.uwr.edu.pl\/pl\/#\/schema\/logo\/image\/\"}}]}<\/script>\n<!-- \/ Yoast SEO plugin. -->","yoast_head_json":{"title":"News - Studium Praktycznej Nauki J\u0119zyk\u00f3w Obcych","description":"Studium Praktycznej Nauki J\u0119zyk\u00f3w Obcych","robots":{"index":"index","follow":"follow","max-snippet":"max-snippet:-1","max-image-preview":"max-image-preview:large","max-video-preview":"max-video-preview:-1"},"canonical":"https:\/\/spnjo.uwr.edu.pl\/news\/","og_locale":"en_US","og_type":"article","og_title":"News - Studium Praktycznej Nauki J\u0119zyk\u00f3w Obcych","og_description":"Studium Praktycznej Nauki J\u0119zyk\u00f3w Obcych","og_url":"https:\/\/spnjo.uwr.edu.pl\/news\/","og_site_name":"Studium Praktycznej Nauki J\u0119zyk\u00f3w Obcych","article_modified_time":"2022-10-27T10:43:15+00:00","twitter_card":"summary_large_image","twitter_misc":{"Est. reading time":"1 minute"},"schema":{"@context":"https:\/\/schema.org","@graph":[{"@type":"WebPage","@id":"https:\/\/spnjo.uwr.edu.pl\/news\/","url":"https:\/\/spnjo.uwr.edu.pl\/news\/","name":"News - Studium Praktycznej Nauki J\u0119zyk\u00f3w Obcych","isPartOf":{"@id":"https:\/\/spnjo.uwr.edu.pl\/pl\/#website"},"datePublished":"2021-04-12T09:18:11+00:00","dateModified":"2022-10-27T10:43:15+00:00","description":"Studium Praktycznej Nauki J\u0119zyk\u00f3w Obcych","breadcrumb":{"@id":"https:\/\/spnjo.uwr.edu.pl\/news\/#breadcrumb"},"inLanguage":"en-US","potentialAction":[{"@type":"ReadAction","target":["https:\/\/spnjo.uwr.edu.pl\/news\/"]}]},{"@type":"BreadcrumbList","@id":"https:\/\/spnjo.uwr.edu.pl\/news\/#breadcrumb","itemListElement":[{"@type":"ListItem","position":1,"name":"Strona g\u0142\u00f3wna","item":"https:\/\/spnjo.uwr.edu.pl\/"},{"@type":"ListItem","position":2,"name":"News"}]},{"@type":"WebSite","@id":"https:\/\/spnjo.uwr.edu.pl\/pl\/#website","url":"https:\/\/spnjo.uwr.edu.pl\/pl\/","name":"Studium Praktycznej Nauki J\u0119zyk\u00f3w Obcych","description":"Kolejna witryna sieci \u201eUWR Witryny\u201d","publisher":{"@id":"https:\/\/spnjo.uwr.edu.pl\/pl\/#organization"},"potentialAction":[{"@type":"SearchAction","target":{"@type":"EntryPoint","urlTemplate":"https:\/\/spnjo.uwr.edu.pl\/pl\/?s={search_term_string}"},"query-input":{"@type":"PropertyValueSpecification","valueRequired":true,"valueName":"search_term_string"}}],"inLanguage":"en-US"},{"@type":"Organization","@id":"https:\/\/spnjo.uwr.edu.pl\/pl\/#organization","name":"Studium Praktycznej Nauki J\u0119zyk\u00f3w Obcych","url":"https:\/\/spnjo.uwr.edu.pl\/pl\/","logo":{"@type":"ImageObject","inLanguage":"en-US","@id":"https:\/\/spnjo.uwr.edu.pl\/pl\/#\/schema\/logo\/image\/","url":"https:\/\/spnjo.uwr.edu.pl\/wp-content\/uploads\/sites\/59\/2025\/10\/UWr-logotyp-2025.png","contentUrl":"https:\/\/spnjo.uwr.edu.pl\/wp-content\/uploads\/sites\/59\/2025\/10\/UWr-logotyp-2025.png","width":764,"height":269,"caption":"Studium Praktycznej Nauki J\u0119zyk\u00f3w Obcych"},"image":{"@id":"https:\/\/spnjo.uwr.edu.pl\/pl\/#\/schema\/logo\/image\/"}}]}},"publishpress_future_action":{"enabled":false,"date":"2026-04-11 07:38:45","action":"change-status","newStatus":"draft","terms":[],"taxonomy":"category","extraData":[]},"publishpress_future_workflow_manual_trigger":{"enabledWorkflows":[]},"_links":{"self":[{"href":"https:\/\/spnjo.uwr.edu.pl\/en\/wp-json\/wp\/v2\/pages\/35106\/"}],"collection":[{"href":"https:\/\/spnjo.uwr.edu.pl\/en\/wp-json\/wp\/v2\/pages\/"}],"about":[{"href":"https:\/\/spnjo.uwr.edu.pl\/en\/wp-json\/wp\/v2\/types\/page\/"}],"author":[{"embeddable":true,"href":"https:\/\/spnjo.uwr.edu.pl\/en\/wp-json\/wp\/v2\/users\/20\/"}],"replies":[{"embeddable":true,"href":"https:\/\/spnjo.uwr.edu.pl\/en\/wp-json\/wp\/v2\/comments\/?post=35106"}],"version-history":[{"count":1,"href":"https:\/\/spnjo.uwr.edu.pl\/en\/wp-json\/wp\/v2\/pages\/35106\/revisions\/"}],"predecessor-version":[{"id":35115,"href":"https:\/\/spnjo.uwr.edu.pl\/en\/wp-json\/wp\/v2\/pages\/35106\/revisions\/35115\/"}],"wp:attachment":[{"href":"https:\/\/spnjo.uwr.edu.pl\/en\/wp-json\/wp\/v2\/media\/?parent=35106"}],"wp:term":[{"taxonomy":"category","embeddable":true,"href":"https:\/\/spnjo.uwr.edu.pl\/en\/wp-json\/wp\/v2\/categories\/?post=35106"},{"taxonomy":"post_tag","embeddable":true,"href":"https:\/\/spnjo.uwr.edu.pl\/en\/wp-json\/wp\/v2\/tags\/?post=35106"}],"curies":[{"name":"wp","href":"https:\/\/api.w.org\/{rel}","templated":true}]}}