{"id":31343,"date":"2022-08-09T14:10:54","date_gmt":"2022-08-09T12:10:54","guid":{"rendered":"https:\/\/spnjo.uwr.edu.pl\/?page_id=31343"},"modified":"2025-09-25T07:40:24","modified_gmt":"2025-09-25T05:40:24","slug":"courses-general-information","status":"publish","type":"page","link":"https:\/\/spnjo.uwr.edu.pl\/en\/courses-general-information\/","title":{"rendered":"Courses &#8211;  general information"},"content":{"rendered":"\n<div class=\"wp-block-ugb-container ugb-container blok_nowa_podstrona ugb-8dda971 ugb-container--v2 ugb-container--design-plain ugb-main-block\"><div class=\"ugb-inner-block\"><div class=\"ugb-block-content\"><div class=\"ugb-container__wrapper ugb-8dda971-wrapper\"><div class=\"ugb-container__side\"><div class=\"ugb-container__content-wrapper ugb-8dda971-content-wrapper\">\n<div class=\"wp-block-columns bs-news-page is-layout-flex wp-block-columns-is-layout-flex\">\n<div class=\"wp-block-column bs-kontakt-photo is-layout-flow wp-block-column-is-layout-flow\">\n<figure class=\"wp-block-image size-large\"><img loading=\"lazy\" decoding=\"async\" width=\"683\" height=\"1024\" src=\"https:\/\/spnjo.uwr.edu.pl\/wp-content\/uploads\/sites\/59\/2022\/08\/Studentka3-683x1024.jpeg\" alt=\"Studentka z ksi\u0105\u017ck\u0105\" class=\"wp-image-31352\" srcset=\"https:\/\/spnjo.uwr.edu.pl\/wp-content\/uploads\/sites\/59\/2022\/08\/Studentka3-683x1024.jpeg 683w, https:\/\/spnjo.uwr.edu.pl\/wp-content\/uploads\/sites\/59\/2022\/08\/Studentka3-200x300.jpeg 200w, https:\/\/spnjo.uwr.edu.pl\/wp-content\/uploads\/sites\/59\/2022\/08\/Studentka3-768x1152.jpeg 768w, https:\/\/spnjo.uwr.edu.pl\/wp-content\/uploads\/sites\/59\/2022\/08\/Studentka3-16x24.jpeg 16w, https:\/\/spnjo.uwr.edu.pl\/wp-content\/uploads\/sites\/59\/2022\/08\/Studentka3-24x36.jpeg 24w, https:\/\/spnjo.uwr.edu.pl\/wp-content\/uploads\/sites\/59\/2022\/08\/Studentka3-32x48.jpeg 32w, https:\/\/spnjo.uwr.edu.pl\/wp-content\/uploads\/sites\/59\/2022\/08\/Studentka3.jpeg 1000w\" sizes=\"auto, (max-width: 683px) 100vw, 683px\" \/><\/figure>\n<\/div>\n\n\n\n<div class=\"wp-block-column bs-contact-right-column is-layout-flow wp-block-column-is-layout-flow\">\n<div class=\"wp-block-bonasoft-modular-breadcrumbs-block\"><div class=\"bs_add_breadcrumb_trail\"><\/div><\/div>\n\n\n\n<hr class=\"wp-block-separator has-text-color has-black-color has-css-opacity has-black-background-color has-background is-style-wide bs-border-kontakt\"\/>\n\n\n<h1 style=\"font-style:normal;font-weight:700;\" class=\"bs-naglowek-podstrony wp-block-post-title\">Courses &#8211;  general information<\/h1>\n\n\n<p>English language courses will be conducted during the hours of Language Sets allocated for particular fields of study:&nbsp;<\/p>\n\n\n\n<p>French, Italian, Spanish,&nbsp;Russian, German \u2013 classes are held outside the language sets; the hours and days of classes will be agreed with the students at the first meeting.&nbsp;<\/p>\n\n\n\n<p>Detailed lists of groups (except English) will be posted on the website of FLC (\u2192\u202fGroup Assignment).<\/p>\n\n\n\n<p>Information about group assignment for courses of English (group no., day, time, instructor) will appear in the USOSWeb system under My USOSWeb.<\/p>\n\n\n\n<p>Pursuant to Rector&#8217;s Ordinance No. 42\/2020, full-time undergraduate\/ post-graduate students, uniform Master&#8217;s degree students and PhD students are entitled to an additional limit of 60 free teaching hours for optional, extracurricular learning of a foreign language other than English at any level.&nbsp;<\/p>\n\n\n\n<p><strong>We encourage you to take advantage of this offer<\/strong>.&nbsp;<\/p>\n\n\n\n<p><a href=\"https:\/\/spnjo.uwr.edu.pl\/wp-content\/uploads\/sites\/59\/2024\/01\/COURSE-SYLLABUS-A1-English-10-01-24.pdf\">Syllabus A1<\/a><\/p>\n\n\n\n<p><a href=\"https:\/\/spnjo.uwr.edu.pl\/wp-content\/uploads\/sites\/59\/2024\/03\/SYLABUS-A2_20231013_EN.pdf\">Syllabus A2<\/a><\/p>\n\n\n\n<p><a href=\"https:\/\/spnjo.uwr.edu.pl\/wp-content\/uploads\/sites\/59\/2023\/06\/COURSE-SYLLABUS-B1-English.pdf\">Syllabus B1<\/a><\/p>\n\n\n\n<p><a href=\"https:\/\/spnjo.uwr.edu.pl\/wp-content\/uploads\/sites\/59\/2023\/06\/COURSE-SYLLABUS-B2-English-1.pdf\">Syllabus B2<\/a><\/p>\n\n\n\n<p><a href=\"https:\/\/spnjo.uwr.edu.pl\/wp-content\/uploads\/sites\/59\/2023\/06\/COURSE-SYLLABUS-B2-English.pdf\">Syllabus B2+<\/a><\/p>\n<\/div>\n<\/div>\n\n\n\n<div class=\"wp-block-ugb-container ugb-container bs-news-page-under ugb-f8694ce ugb-container--v2 ugb-container--design-plain ugb-main-block\"><div class=\"ugb-inner-block\"><div class=\"ugb-block-content\"><div class=\"ugb-container__wrapper ugb-f8694ce-wrapper\"><div class=\"ugb-container__side\"><div class=\"ugb-container__content-wrapper ugb-f8694ce-content-wrapper\"><\/div><\/div><\/div><\/div><\/div><\/div>\n<\/div><\/div><\/div><\/div><\/div><\/div>\n","protected":false},"excerpt":{"rendered":"<p>English language courses will be conducted during the hours of Language Sets allocated for particular fields of study:&nbsp; French, Italian, Spanish,&nbsp;Russian, German \u2013 classes are held outside the language sets; the hours and days of classes will be agreed with the students at the first meeting.&nbsp; Detailed lists of groups (except English) will be posted [&hellip;]<\/p>\n","protected":false},"author":37,"featured_media":0,"parent":0,"menu_order":0,"comment_status":"closed","ping_status":"closed","template":"","meta":{"_acf_changed":false,"inline_featured_image":false,"site-sidebar-layout":"default","site-content-layout":"","ast-site-content-layout":"default","site-content-style":"default","site-sidebar-style":"default","ast-global-header-display":"","ast-banner-title-visibility":"","ast-main-header-display":"","ast-hfb-above-header-display":"","ast-hfb-below-header-display":"","ast-hfb-mobile-header-display":"","site-post-title":"","ast-breadcrumbs-content":"","ast-featured-img":"","footer-sml-layout":"","ast-disable-related-posts":"","theme-transparent-header-meta":"","adv-header-id-meta":"","stick-header-meta":"","header-above-stick-meta":"","header-main-stick-meta":"","header-below-stick-meta":"","astra-migrate-meta-layouts":"set","ast-page-background-enabled":"default","ast-page-background-meta":{"desktop":{"background-color":"","background-image":"","background-repeat":"repeat","background-position":"center center","background-size":"auto","background-attachment":"scroll","background-type":"","background-media":"","overlay-type":"","overlay-color":"","overlay-opacity":"","overlay-gradient":""},"tablet":{"background-color":"","background-image":"","background-repeat":"repeat","background-position":"center center","background-size":"auto","background-attachment":"scroll","background-type":"","background-media":"","overlay-type":"","overlay-color":"","overlay-opacity":"","overlay-gradient":""},"mobile":{"background-color":"","background-image":"","background-repeat":"repeat","background-position":"center center","background-size":"auto","background-attachment":"scroll","background-type":"","background-media":"","overlay-type":"","overlay-color":"","overlay-opacity":"","overlay-gradient":""}},"ast-content-background-meta":{"desktop":{"background-color":"var(--ast-global-color-5)","background-image":"","background-repeat":"repeat","background-position":"center center","background-size":"auto","background-attachment":"scroll","background-type":"","background-media":"","overlay-type":"","overlay-color":"","overlay-opacity":"","overlay-gradient":""},"tablet":{"background-color":"var(--ast-global-color-5)","background-image":"","background-repeat":"repeat","background-position":"center center","background-size":"auto","background-attachment":"scroll","background-type":"","background-media":"","overlay-type":"","overlay-color":"","overlay-opacity":"","overlay-gradient":""},"mobile":{"background-color":"var(--ast-global-color-5)","background-image":"","background-repeat":"repeat","background-position":"center center","background-size":"auto","background-attachment":"scroll","background-type":"","background-media":"","overlay-type":"","overlay-color":"","overlay-opacity":"","overlay-gradient":""}},"footnotes":""},"categories":[],"tags":[],"class_list":["post-31343","page","type-page","status-publish","hentry"],"featured_image_urls_v2":{"full":"","thumbnail":"","medium":"","medium_large":"","large":"","1536x1536":"","2048x2048":"","menu-24x24":"","menu-36x36":"","menu-48x48":""},"post_excerpt_stackable_v2":"<p>Courses &#8211; general information English language courses will be conducted during the hours of Language Sets allocated for particular fields of study:&nbsp; French, Italian, Spanish,&nbsp;Russian, German \u2013 classes are held outside the language sets; the hours and days of classes will be agreed with the students at the first meeting.&nbsp; Detailed lists of groups (except English) will be posted on the website of FLC (\u2192\u202fGroup Assignment). Information about group assignment for courses of English (group no., day, time, instructor) will appear in the USOSWeb system under My USOSWeb. Pursuant to Rector&#8217;s Ordinance No. 42\/2020, full-time undergraduate\/ post-graduate students, uniform Master&#8217;s&hellip;<\/p>\n","category_list_v2":"Uncategorized","author_info_v2":{"name":"Izabela Jaraszek","url":"https:\/\/spnjo.uwr.edu.pl\/en\/author\/ijaraszek\/"},"comments_num_v2":"0 comments","acf":[],"yoast_head":"<!-- This site is optimized with the Yoast SEO plugin v27.1.1 - https:\/\/yoast.com\/product\/yoast-seo-wordpress\/ -->\n<title>Courses - general information - Studium Praktycznej Nauki J\u0119zyk\u00f3w Obcych<\/title>\n<meta name=\"description\" content=\"Studium Praktycznej Nauki J\u0119zyk\u00f3w Obcych\" \/>\n<meta name=\"robots\" content=\"index, follow, max-snippet:-1, max-image-preview:large, max-video-preview:-1\" \/>\n<link rel=\"canonical\" href=\"https:\/\/spnjo.uwr.edu.pl\/courses-general-information\/\" \/>\n<meta property=\"og:locale\" content=\"en_US\" \/>\n<meta property=\"og:type\" content=\"article\" \/>\n<meta property=\"og:title\" content=\"Courses - general information - Studium Praktycznej Nauki J\u0119zyk\u00f3w Obcych\" \/>\n<meta property=\"og:description\" content=\"Studium Praktycznej Nauki J\u0119zyk\u00f3w Obcych\" \/>\n<meta property=\"og:url\" content=\"https:\/\/spnjo.uwr.edu.pl\/courses-general-information\/\" \/>\n<meta property=\"og:site_name\" content=\"Studium Praktycznej Nauki J\u0119zyk\u00f3w Obcych\" \/>\n<meta property=\"article:modified_time\" content=\"2025-09-25T05:40:24+00:00\" \/>\n<meta property=\"og:image\" content=\"https:\/\/spnjo.uwr.edu.pl\/wp-content\/uploads\/sites\/59\/2022\/08\/Studentka3-683x1024.jpeg\" \/>\n<meta name=\"twitter:card\" content=\"summary_large_image\" \/>\n<meta name=\"twitter:label1\" content=\"Est. reading time\" \/>\n\t<meta name=\"twitter:data1\" content=\"2 minutes\" \/>\n<script type=\"application\/ld+json\" class=\"yoast-schema-graph\">{\"@context\":\"https:\/\/schema.org\",\"@graph\":[{\"@type\":\"WebPage\",\"@id\":\"https:\/\/spnjo.uwr.edu.pl\/courses-general-information\/\",\"url\":\"https:\/\/spnjo.uwr.edu.pl\/courses-general-information\/\",\"name\":\"Courses - general information - Studium Praktycznej Nauki J\u0119zyk\u00f3w Obcych\",\"isPartOf\":{\"@id\":\"https:\/\/spnjo.uwr.edu.pl\/pl\/#website\"},\"primaryImageOfPage\":{\"@id\":\"https:\/\/spnjo.uwr.edu.pl\/courses-general-information\/#primaryimage\"},\"image\":{\"@id\":\"https:\/\/spnjo.uwr.edu.pl\/courses-general-information\/#primaryimage\"},\"thumbnailUrl\":\"https:\/\/spnjo.uwr.edu.pl\/wp-content\/uploads\/sites\/59\/2022\/08\/Studentka3-683x1024.jpeg\",\"datePublished\":\"2022-08-09T12:10:54+00:00\",\"dateModified\":\"2025-09-25T05:40:24+00:00\",\"description\":\"Studium Praktycznej Nauki J\u0119zyk\u00f3w Obcych\",\"breadcrumb\":{\"@id\":\"https:\/\/spnjo.uwr.edu.pl\/courses-general-information\/#breadcrumb\"},\"inLanguage\":\"en-US\",\"potentialAction\":[{\"@type\":\"ReadAction\",\"target\":[\"https:\/\/spnjo.uwr.edu.pl\/courses-general-information\/\"]}]},{\"@type\":\"ImageObject\",\"inLanguage\":\"en-US\",\"@id\":\"https:\/\/spnjo.uwr.edu.pl\/courses-general-information\/#primaryimage\",\"url\":\"https:\/\/spnjo.uwr.edu.pl\/wp-content\/uploads\/sites\/59\/2022\/08\/Studentka3-683x1024.jpeg\",\"contentUrl\":\"https:\/\/spnjo.uwr.edu.pl\/wp-content\/uploads\/sites\/59\/2022\/08\/Studentka3-683x1024.jpeg\"},{\"@type\":\"BreadcrumbList\",\"@id\":\"https:\/\/spnjo.uwr.edu.pl\/courses-general-information\/#breadcrumb\",\"itemListElement\":[{\"@type\":\"ListItem\",\"position\":1,\"name\":\"Strona g\u0142\u00f3wna\",\"item\":\"https:\/\/spnjo.uwr.edu.pl\/\"},{\"@type\":\"ListItem\",\"position\":2,\"name\":\"Courses &#8211; general information\"}]},{\"@type\":\"WebSite\",\"@id\":\"https:\/\/spnjo.uwr.edu.pl\/pl\/#website\",\"url\":\"https:\/\/spnjo.uwr.edu.pl\/pl\/\",\"name\":\"Studium Praktycznej Nauki J\u0119zyk\u00f3w Obcych\",\"description\":\"Kolejna witryna sieci \u201eUWR Witryny\u201d\",\"publisher\":{\"@id\":\"https:\/\/spnjo.uwr.edu.pl\/pl\/#organization\"},\"potentialAction\":[{\"@type\":\"SearchAction\",\"target\":{\"@type\":\"EntryPoint\",\"urlTemplate\":\"https:\/\/spnjo.uwr.edu.pl\/pl\/?s={search_term_string}\"},\"query-input\":{\"@type\":\"PropertyValueSpecification\",\"valueRequired\":true,\"valueName\":\"search_term_string\"}}],\"inLanguage\":\"en-US\"},{\"@type\":\"Organization\",\"@id\":\"https:\/\/spnjo.uwr.edu.pl\/pl\/#organization\",\"name\":\"Studium Praktycznej Nauki J\u0119zyk\u00f3w Obcych\",\"url\":\"https:\/\/spnjo.uwr.edu.pl\/pl\/\",\"logo\":{\"@type\":\"ImageObject\",\"inLanguage\":\"en-US\",\"@id\":\"https:\/\/spnjo.uwr.edu.pl\/pl\/#\/schema\/logo\/image\/\",\"url\":\"https:\/\/spnjo.uwr.edu.pl\/wp-content\/uploads\/sites\/59\/2025\/10\/UWr-logotyp-2025.png\",\"contentUrl\":\"https:\/\/spnjo.uwr.edu.pl\/wp-content\/uploads\/sites\/59\/2025\/10\/UWr-logotyp-2025.png\",\"width\":764,\"height\":269,\"caption\":\"Studium Praktycznej Nauki J\u0119zyk\u00f3w Obcych\"},\"image\":{\"@id\":\"https:\/\/spnjo.uwr.edu.pl\/pl\/#\/schema\/logo\/image\/\"}}]}<\/script>\n<!-- \/ Yoast SEO plugin. -->","yoast_head_json":{"title":"Courses - general information - Studium Praktycznej Nauki J\u0119zyk\u00f3w Obcych","description":"Studium Praktycznej Nauki J\u0119zyk\u00f3w Obcych","robots":{"index":"index","follow":"follow","max-snippet":"max-snippet:-1","max-image-preview":"max-image-preview:large","max-video-preview":"max-video-preview:-1"},"canonical":"https:\/\/spnjo.uwr.edu.pl\/courses-general-information\/","og_locale":"en_US","og_type":"article","og_title":"Courses - general information - Studium Praktycznej Nauki J\u0119zyk\u00f3w Obcych","og_description":"Studium Praktycznej Nauki J\u0119zyk\u00f3w Obcych","og_url":"https:\/\/spnjo.uwr.edu.pl\/courses-general-information\/","og_site_name":"Studium Praktycznej Nauki J\u0119zyk\u00f3w Obcych","article_modified_time":"2025-09-25T05:40:24+00:00","og_image":[{"url":"https:\/\/spnjo.uwr.edu.pl\/wp-content\/uploads\/sites\/59\/2022\/08\/Studentka3-683x1024.jpeg","type":"","width":"","height":""}],"twitter_card":"summary_large_image","twitter_misc":{"Est. reading time":"2 minutes"},"schema":{"@context":"https:\/\/schema.org","@graph":[{"@type":"WebPage","@id":"https:\/\/spnjo.uwr.edu.pl\/courses-general-information\/","url":"https:\/\/spnjo.uwr.edu.pl\/courses-general-information\/","name":"Courses - general information - Studium Praktycznej Nauki J\u0119zyk\u00f3w Obcych","isPartOf":{"@id":"https:\/\/spnjo.uwr.edu.pl\/pl\/#website"},"primaryImageOfPage":{"@id":"https:\/\/spnjo.uwr.edu.pl\/courses-general-information\/#primaryimage"},"image":{"@id":"https:\/\/spnjo.uwr.edu.pl\/courses-general-information\/#primaryimage"},"thumbnailUrl":"https:\/\/spnjo.uwr.edu.pl\/wp-content\/uploads\/sites\/59\/2022\/08\/Studentka3-683x1024.jpeg","datePublished":"2022-08-09T12:10:54+00:00","dateModified":"2025-09-25T05:40:24+00:00","description":"Studium Praktycznej Nauki J\u0119zyk\u00f3w Obcych","breadcrumb":{"@id":"https:\/\/spnjo.uwr.edu.pl\/courses-general-information\/#breadcrumb"},"inLanguage":"en-US","potentialAction":[{"@type":"ReadAction","target":["https:\/\/spnjo.uwr.edu.pl\/courses-general-information\/"]}]},{"@type":"ImageObject","inLanguage":"en-US","@id":"https:\/\/spnjo.uwr.edu.pl\/courses-general-information\/#primaryimage","url":"https:\/\/spnjo.uwr.edu.pl\/wp-content\/uploads\/sites\/59\/2022\/08\/Studentka3-683x1024.jpeg","contentUrl":"https:\/\/spnjo.uwr.edu.pl\/wp-content\/uploads\/sites\/59\/2022\/08\/Studentka3-683x1024.jpeg"},{"@type":"BreadcrumbList","@id":"https:\/\/spnjo.uwr.edu.pl\/courses-general-information\/#breadcrumb","itemListElement":[{"@type":"ListItem","position":1,"name":"Strona g\u0142\u00f3wna","item":"https:\/\/spnjo.uwr.edu.pl\/"},{"@type":"ListItem","position":2,"name":"Courses &#8211; general information"}]},{"@type":"WebSite","@id":"https:\/\/spnjo.uwr.edu.pl\/pl\/#website","url":"https:\/\/spnjo.uwr.edu.pl\/pl\/","name":"Studium Praktycznej Nauki J\u0119zyk\u00f3w Obcych","description":"Kolejna witryna sieci \u201eUWR Witryny\u201d","publisher":{"@id":"https:\/\/spnjo.uwr.edu.pl\/pl\/#organization"},"potentialAction":[{"@type":"SearchAction","target":{"@type":"EntryPoint","urlTemplate":"https:\/\/spnjo.uwr.edu.pl\/pl\/?s={search_term_string}"},"query-input":{"@type":"PropertyValueSpecification","valueRequired":true,"valueName":"search_term_string"}}],"inLanguage":"en-US"},{"@type":"Organization","@id":"https:\/\/spnjo.uwr.edu.pl\/pl\/#organization","name":"Studium Praktycznej Nauki J\u0119zyk\u00f3w Obcych","url":"https:\/\/spnjo.uwr.edu.pl\/pl\/","logo":{"@type":"ImageObject","inLanguage":"en-US","@id":"https:\/\/spnjo.uwr.edu.pl\/pl\/#\/schema\/logo\/image\/","url":"https:\/\/spnjo.uwr.edu.pl\/wp-content\/uploads\/sites\/59\/2025\/10\/UWr-logotyp-2025.png","contentUrl":"https:\/\/spnjo.uwr.edu.pl\/wp-content\/uploads\/sites\/59\/2025\/10\/UWr-logotyp-2025.png","width":764,"height":269,"caption":"Studium Praktycznej Nauki J\u0119zyk\u00f3w Obcych"},"image":{"@id":"https:\/\/spnjo.uwr.edu.pl\/pl\/#\/schema\/logo\/image\/"}}]}},"publishpress_future_action":{"enabled":false,"date":"2026-04-12 17:34:27","action":"change-status","newStatus":"draft","terms":[],"taxonomy":"category","extraData":[]},"publishpress_future_workflow_manual_trigger":{"enabledWorkflows":[]},"_links":{"self":[{"href":"https:\/\/spnjo.uwr.edu.pl\/en\/wp-json\/wp\/v2\/pages\/31343\/"}],"collection":[{"href":"https:\/\/spnjo.uwr.edu.pl\/en\/wp-json\/wp\/v2\/pages\/"}],"about":[{"href":"https:\/\/spnjo.uwr.edu.pl\/en\/wp-json\/wp\/v2\/types\/page\/"}],"author":[{"embeddable":true,"href":"https:\/\/spnjo.uwr.edu.pl\/en\/wp-json\/wp\/v2\/users\/37\/"}],"replies":[{"embeddable":true,"href":"https:\/\/spnjo.uwr.edu.pl\/en\/wp-json\/wp\/v2\/comments\/?post=31343"}],"version-history":[{"count":11,"href":"https:\/\/spnjo.uwr.edu.pl\/en\/wp-json\/wp\/v2\/pages\/31343\/revisions\/"}],"predecessor-version":[{"id":52017,"href":"https:\/\/spnjo.uwr.edu.pl\/en\/wp-json\/wp\/v2\/pages\/31343\/revisions\/52017\/"}],"wp:attachment":[{"href":"https:\/\/spnjo.uwr.edu.pl\/en\/wp-json\/wp\/v2\/media\/?parent=31343"}],"wp:term":[{"taxonomy":"category","embeddable":true,"href":"https:\/\/spnjo.uwr.edu.pl\/en\/wp-json\/wp\/v2\/categories\/?post=31343"},{"taxonomy":"post_tag","embeddable":true,"href":"https:\/\/spnjo.uwr.edu.pl\/en\/wp-json\/wp\/v2\/tags\/?post=31343"}],"curies":[{"name":"wp","href":"https:\/\/api.w.org\/{rel}","templated":true}]}}