{"id":31319,"date":"2022-08-09T14:04:19","date_gmt":"2022-08-09T12:04:19","guid":{"rendered":"https:\/\/spnjo.uwr.edu.pl\/?page_id=31319"},"modified":"2024-01-08T14:55:09","modified_gmt":"2024-01-08T13:55:09","slug":"modern-language-courses-level-b2","status":"publish","type":"page","link":"https:\/\/spnjo.uwr.edu.pl\/en\/modern-language-courses-level-b2\/","title":{"rendered":"Modern Language Courses &#8211; Level B2+"},"content":{"rendered":"\n<div class=\"wp-block-ugb-container ugb-container blok_nowa_podstrona ugb-8dda971 ugb-container--v2 ugb-container--design-plain ugb-main-block\"><div class=\"ugb-inner-block\"><div class=\"ugb-block-content\"><div class=\"ugb-container__wrapper ugb-8dda971-wrapper\"><div class=\"ugb-container__side\"><div class=\"ugb-container__content-wrapper ugb-8dda971-content-wrapper\">\n<div class=\"wp-block-columns bs-news-page is-layout-flex wp-block-columns-is-layout-flex\">\n<div class=\"wp-block-column bs-kontakt-photo is-layout-flow wp-block-column-is-layout-flow\">\n<figure class=\"wp-block-image size-full\"><img loading=\"lazy\" decoding=\"async\" width=\"600\" height=\"899\" src=\"https:\/\/spnjo.uwr.edu.pl\/wp-content\/uploads\/sites\/59\/2022\/08\/sudentka.jpeg\" alt=\"Studentka\" class=\"wp-image-31322\" srcset=\"https:\/\/spnjo.uwr.edu.pl\/wp-content\/uploads\/sites\/59\/2022\/08\/sudentka.jpeg 600w, https:\/\/spnjo.uwr.edu.pl\/wp-content\/uploads\/sites\/59\/2022\/08\/sudentka-200x300.jpeg 200w, https:\/\/spnjo.uwr.edu.pl\/wp-content\/uploads\/sites\/59\/2022\/08\/sudentka-16x24.jpeg 16w, https:\/\/spnjo.uwr.edu.pl\/wp-content\/uploads\/sites\/59\/2022\/08\/sudentka-24x36.jpeg 24w, https:\/\/spnjo.uwr.edu.pl\/wp-content\/uploads\/sites\/59\/2022\/08\/sudentka-32x48.jpeg 32w\" sizes=\"auto, (max-width: 600px) 100vw, 600px\" \/><\/figure>\n<\/div>\n\n\n\n<div class=\"wp-block-column bs-contact-right-column is-layout-flow wp-block-column-is-layout-flow\">\n<div class=\"wp-block-bonasoft-modular-breadcrumbs-block\"><div class=\"bs_add_breadcrumb_trail\"><\/div><\/div>\n\n\n\n<hr class=\"wp-block-separator has-text-color has-black-color has-css-opacity has-black-background-color has-background is-style-wide bs-border-kontakt\"\/>\n\n\n\n<p><strong>Modern Language Courses \u2013 Level B2+<\/strong><\/p>\n\n\n\n<p><strong>Current students&nbsp;<\/strong>who, in their program of studies, are required to attend the course at level B2+ are requested to sign up at USOS UL (see&nbsp;<strong>instructions below<\/strong>).<\/p>\n\n\n\n<p>The choice of the modern language is made by the student within the organizational capacity of the Foreign Languages Centre (FLC).<\/p>\n\n\n\n<p><span style=\"color: var(--ast-global-color-8);\" class=\"stk-highlight\">ATTENTION! There are no placement tests for B2+ level courses.<\/span><\/p>\n\n\n\n<p><span style=\"color: var(--ast-global-color-8);\" class=\"stk-highlight\">The enrolment for summer term 2023\/2<\/span>4<\/p>\n\n\n\n<figure class=\"wp-block-table\"><table><tbody><tr><td><span style=\"color: var(--ast-global-color-8);\" class=\"stk-highlight\">15.01.2024 \u2013 08.02.202<\/span>4<\/td><\/tr><\/tbody><\/table><\/figure>\n\n\n\n<p><\/p>\n\n\n\n<p><span style=\"color: var(--ast-global-color-8);\" class=\"stk-highlight\">Students, who have chosen English go to the following groups:<\/span><\/p>\n\n\n\n<ul class=\"wp-block-list\">\n<li>Eastern European Jewish Studies &#8211; USOS Group 1<\/li>\n\n\n\n<li>Culture, Thought and Humanity &#8211;  USOS Group 19<\/li>\n\n\n\n<li>Socjologia spec. Intercultural Mediation &#8211;  USOS Group 24<\/li>\n\n\n\n<li>AIO &#8211;  USOS Group 27-30<\/li>\n\n\n\n<li>MME &#8211; USOS Group 41<\/li>\n\n\n\n<li>Data Science &#8211; USOS Group 37-38<\/li>\n\n\n\n<li>Advanced Synthesis in Chemistry &#8211; USOS Group 39-40<\/li>\n\n\n\n<li>Geografia spec. Tourism and Hospitality &#8211; USOS Group 49-50<\/li>\n<\/ul>\n\n\n\n<p><span style=\"color: var(--ast-global-color-8);\" class=\"stk-highlight\">Remember the hours might change due to the organization of classes. Students are obliged to check the details in Group Assignment <a href=\"https:\/\/spnjo.uwr.edu.pl\">https:\/\/spnjo.uwr.edu.pl<\/a>&nbsp;just before the semester starts.<\/span><\/p>\n\n\n\n<p>Instruction for students on how to enroll for level B2+<\/p>\n\n\n\n<ul class=\"wp-block-list\">\n<li>enter:&nbsp;<a href=\"https:\/\/zapisy.uni.wroc.pl\/\">https:\/\/zapisy.uni.wroc.pl<\/a>&nbsp;(this is the only option to sign up for level B2+ courses),<\/li>\n\n\n\n<li>log onto the website \u2013 same login and password as for USOSWeb [your \u2018registration cart\u2019 appears \u2013 this is a chart with information including: tokens spent, the number of remaining tokens, etc.],<\/li>\n\n\n\n<li>go to the \u2018registrations\u2019 tab (60 tokens are required for level B2+),<\/li>\n\n\n\n<li>consecutively select: \u2018Tura\u2019 > \u2018Name of course group\u2019 > \u2018Course name\u2019 > \u2018Group\u2019 you want to sign up for (the group description will appear once you scroll over it with the cursor or as icon  \u2018i\u2019 once you click on it),<\/li>\n\n\n\n<li>enroll for the group you have selected by adding it to your \u2018registration cart\u2019 [adding to cart = signing up for the group],<\/li>\n\n\n\n<li>after data migration your name will be visible in the group at USOSWeb.<\/li>\n<\/ul>\n\n\n\n<p>Master\u2019s course students who submit an international language certificate, or another document confirming their language proficiency at level C1 or level C2, accepted by the Foreign Languages Centre (FLC) are not required to attend courses at the Foreign Languages Centre (FLC).<\/p>\n\n\n\n<p><span style=\"color: #ed0d0d;\" class=\"stk-highlight\">Students who can\u2019t sign up through the USOS system are requested to enrol using&nbsp;<strong><a href=\"https:\/\/forms.office.com\/Pages\/ResponsePage.aspx?id=-b5xKxM7MkS19B9awieNDN2drxNCRQ9NpOrV0emxNexURUlERFNSSVcyOE9POFlFREpSNVozSEFUUC4u\">the course enrolment link<\/a><\/strong>&nbsp;between&nbsp;<strong>15.01&nbsp;<\/strong>and&nbsp;<strong>08.02.2024<\/strong>. The system closes&nbsp;<strong>on 08.02.2024 at 11:59 p.m.<\/strong><\/span><\/p>\n<\/div>\n<\/div>\n\n\n\n<div class=\"wp-block-ugb-container ugb-container bs-news-page-under ugb-f8694ce ugb-container--v2 ugb-container--design-plain ugb-main-block\"><div class=\"ugb-inner-block\"><div class=\"ugb-block-content\"><div class=\"ugb-container__wrapper ugb-f8694ce-wrapper\"><div class=\"ugb-container__side\"><div class=\"ugb-container__content-wrapper ugb-f8694ce-content-wrapper\">\n<p><\/p>\n<\/div><\/div><\/div><\/div><\/div><\/div>\n<\/div><\/div><\/div><\/div><\/div><\/div>\n","protected":false},"excerpt":{"rendered":"<p>Modern Language Courses \u2013 Level B2+ Current students&nbsp;who, in their program of studies, are required to attend the course at level B2+ are requested to sign up at USOS UL (see&nbsp;instructions below). The choice of the modern language is made by the student within the organizational capacity of the Foreign Languages Centre (FLC). ATTENTION! There [&hellip;]<\/p>\n","protected":false},"author":37,"featured_media":0,"parent":0,"menu_order":0,"comment_status":"closed","ping_status":"closed","template":"","meta":{"_acf_changed":false,"inline_featured_image":false,"site-sidebar-layout":"default","site-content-layout":"","ast-site-content-layout":"default","site-content-style":"default","site-sidebar-style":"default","ast-global-header-display":"","ast-banner-title-visibility":"","ast-main-header-display":"","ast-hfb-above-header-display":"","ast-hfb-below-header-display":"","ast-hfb-mobile-header-display":"","site-post-title":"","ast-breadcrumbs-content":"","ast-featured-img":"","footer-sml-layout":"","ast-disable-related-posts":"","theme-transparent-header-meta":"","adv-header-id-meta":"","stick-header-meta":"","header-above-stick-meta":"","header-main-stick-meta":"","header-below-stick-meta":"","astra-migrate-meta-layouts":"default","ast-page-background-enabled":"default","ast-page-background-meta":{"desktop":{"background-color":"","background-image":"","background-repeat":"repeat","background-position":"center center","background-size":"auto","background-attachment":"scroll","background-type":"","background-media":"","overlay-type":"","overlay-color":"","overlay-opacity":"","overlay-gradient":""},"tablet":{"background-color":"","background-image":"","background-repeat":"repeat","background-position":"center center","background-size":"auto","background-attachment":"scroll","background-type":"","background-media":"","overlay-type":"","overlay-color":"","overlay-opacity":"","overlay-gradient":""},"mobile":{"background-color":"","background-image":"","background-repeat":"repeat","background-position":"center center","background-size":"auto","background-attachment":"scroll","background-type":"","background-media":"","overlay-type":"","overlay-color":"","overlay-opacity":"","overlay-gradient":""}},"ast-content-background-meta":{"desktop":{"background-color":"var(--ast-global-color-5)","background-image":"","background-repeat":"repeat","background-position":"center center","background-size":"auto","background-attachment":"scroll","background-type":"","background-media":"","overlay-type":"","overlay-color":"","overlay-opacity":"","overlay-gradient":""},"tablet":{"background-color":"var(--ast-global-color-5)","background-image":"","background-repeat":"repeat","background-position":"center center","background-size":"auto","background-attachment":"scroll","background-type":"","background-media":"","overlay-type":"","overlay-color":"","overlay-opacity":"","overlay-gradient":""},"mobile":{"background-color":"var(--ast-global-color-5)","background-image":"","background-repeat":"repeat","background-position":"center center","background-size":"auto","background-attachment":"scroll","background-type":"","background-media":"","overlay-type":"","overlay-color":"","overlay-opacity":"","overlay-gradient":""}},"footnotes":""},"categories":[],"tags":[],"class_list":["post-31319","page","type-page","status-publish","hentry"],"featured_image_urls_v2":{"full":"","thumbnail":"","medium":"","medium_large":"","large":"","1536x1536":"","2048x2048":"","menu-24x24":"","menu-36x36":"","menu-48x48":""},"post_excerpt_stackable_v2":"<p>Modern Language Courses \u2013 Level B2+ Current students&nbsp;who, in their program of studies, are required to attend the course at level B2+ are requested to sign up at USOS UL (see&nbsp;instructions below). The choice of the modern language is made by the student within the organizational capacity of the Foreign Languages Centre (FLC). ATTENTION! There are no placement tests for B2+ level courses. The enrolment for summer term 2023\/24 15.01.2024 \u2013 08.02.2024 Students, who have chosen English go to the following groups: Eastern European Jewish Studies &#8211; USOS Group 1 Culture, Thought and Humanity &#8211; USOS Group 19 Socjologia spec.&hellip;<\/p>\n","category_list_v2":"Uncategorized","author_info_v2":{"name":"Izabela Jaraszek","url":"https:\/\/spnjo.uwr.edu.pl\/en\/author\/ijaraszek\/"},"comments_num_v2":"0 comments","acf":[],"yoast_head":"<!-- This site is optimized with the Yoast SEO plugin v27.1.1 - https:\/\/yoast.com\/product\/yoast-seo-wordpress\/ -->\n<title>Modern Language Courses - Level B2+ - Studium Praktycznej Nauki J\u0119zyk\u00f3w Obcych<\/title>\n<meta name=\"description\" content=\"Studium Praktycznej Nauki J\u0119zyk\u00f3w Obcych\" \/>\n<meta name=\"robots\" content=\"index, follow, max-snippet:-1, max-image-preview:large, max-video-preview:-1\" \/>\n<link rel=\"canonical\" href=\"https:\/\/spnjo.uwr.edu.pl\/modern-language-courses-level-b2\/\" \/>\n<meta property=\"og:locale\" content=\"en_US\" \/>\n<meta property=\"og:type\" content=\"article\" \/>\n<meta property=\"og:title\" content=\"Modern Language Courses - Level B2+ - Studium Praktycznej Nauki J\u0119zyk\u00f3w Obcych\" \/>\n<meta property=\"og:description\" content=\"Studium Praktycznej Nauki J\u0119zyk\u00f3w Obcych\" \/>\n<meta property=\"og:url\" content=\"https:\/\/spnjo.uwr.edu.pl\/modern-language-courses-level-b2\/\" \/>\n<meta property=\"og:site_name\" content=\"Studium Praktycznej Nauki J\u0119zyk\u00f3w Obcych\" \/>\n<meta property=\"article:modified_time\" content=\"2024-01-08T13:55:09+00:00\" \/>\n<meta property=\"og:image\" content=\"https:\/\/spnjo.uwr.edu.pl\/wp-content\/uploads\/sites\/59\/2022\/08\/sudentka.jpeg\" \/>\n<meta name=\"twitter:card\" content=\"summary_large_image\" \/>\n<meta name=\"twitter:label1\" content=\"Est. reading time\" \/>\n\t<meta name=\"twitter:data1\" content=\"3 minutes\" \/>\n<script type=\"application\/ld+json\" class=\"yoast-schema-graph\">{\"@context\":\"https:\/\/schema.org\",\"@graph\":[{\"@type\":\"WebPage\",\"@id\":\"https:\/\/spnjo.uwr.edu.pl\/modern-language-courses-level-b2\/\",\"url\":\"https:\/\/spnjo.uwr.edu.pl\/modern-language-courses-level-b2\/\",\"name\":\"Modern Language Courses - Level B2+ - Studium Praktycznej Nauki J\u0119zyk\u00f3w Obcych\",\"isPartOf\":{\"@id\":\"https:\/\/spnjo.uwr.edu.pl\/pl\/#website\"},\"primaryImageOfPage\":{\"@id\":\"https:\/\/spnjo.uwr.edu.pl\/modern-language-courses-level-b2\/#primaryimage\"},\"image\":{\"@id\":\"https:\/\/spnjo.uwr.edu.pl\/modern-language-courses-level-b2\/#primaryimage\"},\"thumbnailUrl\":\"https:\/\/spnjo.uwr.edu.pl\/wp-content\/uploads\/sites\/59\/2022\/08\/sudentka.jpeg\",\"datePublished\":\"2022-08-09T12:04:19+00:00\",\"dateModified\":\"2024-01-08T13:55:09+00:00\",\"description\":\"Studium Praktycznej Nauki J\u0119zyk\u00f3w Obcych\",\"breadcrumb\":{\"@id\":\"https:\/\/spnjo.uwr.edu.pl\/modern-language-courses-level-b2\/#breadcrumb\"},\"inLanguage\":\"en-US\",\"potentialAction\":[{\"@type\":\"ReadAction\",\"target\":[\"https:\/\/spnjo.uwr.edu.pl\/modern-language-courses-level-b2\/\"]}]},{\"@type\":\"ImageObject\",\"inLanguage\":\"en-US\",\"@id\":\"https:\/\/spnjo.uwr.edu.pl\/modern-language-courses-level-b2\/#primaryimage\",\"url\":\"https:\/\/spnjo.uwr.edu.pl\/wp-content\/uploads\/sites\/59\/2022\/08\/sudentka.jpeg\",\"contentUrl\":\"https:\/\/spnjo.uwr.edu.pl\/wp-content\/uploads\/sites\/59\/2022\/08\/sudentka.jpeg\"},{\"@type\":\"BreadcrumbList\",\"@id\":\"https:\/\/spnjo.uwr.edu.pl\/modern-language-courses-level-b2\/#breadcrumb\",\"itemListElement\":[{\"@type\":\"ListItem\",\"position\":1,\"name\":\"Strona g\u0142\u00f3wna\",\"item\":\"https:\/\/spnjo.uwr.edu.pl\/\"},{\"@type\":\"ListItem\",\"position\":2,\"name\":\"Modern Language Courses &#8211; Level B2+\"}]},{\"@type\":\"WebSite\",\"@id\":\"https:\/\/spnjo.uwr.edu.pl\/pl\/#website\",\"url\":\"https:\/\/spnjo.uwr.edu.pl\/pl\/\",\"name\":\"Studium Praktycznej Nauki J\u0119zyk\u00f3w Obcych\",\"description\":\"Kolejna witryna sieci \u201eUWR Witryny\u201d\",\"publisher\":{\"@id\":\"https:\/\/spnjo.uwr.edu.pl\/pl\/#organization\"},\"potentialAction\":[{\"@type\":\"SearchAction\",\"target\":{\"@type\":\"EntryPoint\",\"urlTemplate\":\"https:\/\/spnjo.uwr.edu.pl\/pl\/?s={search_term_string}\"},\"query-input\":{\"@type\":\"PropertyValueSpecification\",\"valueRequired\":true,\"valueName\":\"search_term_string\"}}],\"inLanguage\":\"en-US\"},{\"@type\":\"Organization\",\"@id\":\"https:\/\/spnjo.uwr.edu.pl\/pl\/#organization\",\"name\":\"Studium Praktycznej Nauki J\u0119zyk\u00f3w Obcych\",\"url\":\"https:\/\/spnjo.uwr.edu.pl\/pl\/\",\"logo\":{\"@type\":\"ImageObject\",\"inLanguage\":\"en-US\",\"@id\":\"https:\/\/spnjo.uwr.edu.pl\/pl\/#\/schema\/logo\/image\/\",\"url\":\"https:\/\/spnjo.uwr.edu.pl\/wp-content\/uploads\/sites\/59\/2025\/10\/UWr-logotyp-2025.png\",\"contentUrl\":\"https:\/\/spnjo.uwr.edu.pl\/wp-content\/uploads\/sites\/59\/2025\/10\/UWr-logotyp-2025.png\",\"width\":764,\"height\":269,\"caption\":\"Studium Praktycznej Nauki J\u0119zyk\u00f3w Obcych\"},\"image\":{\"@id\":\"https:\/\/spnjo.uwr.edu.pl\/pl\/#\/schema\/logo\/image\/\"}}]}<\/script>\n<!-- \/ Yoast SEO plugin. -->","yoast_head_json":{"title":"Modern Language Courses - Level B2+ - Studium Praktycznej Nauki J\u0119zyk\u00f3w Obcych","description":"Studium Praktycznej Nauki J\u0119zyk\u00f3w Obcych","robots":{"index":"index","follow":"follow","max-snippet":"max-snippet:-1","max-image-preview":"max-image-preview:large","max-video-preview":"max-video-preview:-1"},"canonical":"https:\/\/spnjo.uwr.edu.pl\/modern-language-courses-level-b2\/","og_locale":"en_US","og_type":"article","og_title":"Modern Language Courses - Level B2+ - Studium Praktycznej Nauki J\u0119zyk\u00f3w Obcych","og_description":"Studium Praktycznej Nauki J\u0119zyk\u00f3w Obcych","og_url":"https:\/\/spnjo.uwr.edu.pl\/modern-language-courses-level-b2\/","og_site_name":"Studium Praktycznej Nauki J\u0119zyk\u00f3w Obcych","article_modified_time":"2024-01-08T13:55:09+00:00","og_image":[{"url":"https:\/\/spnjo.uwr.edu.pl\/wp-content\/uploads\/sites\/59\/2022\/08\/sudentka.jpeg","type":"","width":"","height":""}],"twitter_card":"summary_large_image","twitter_misc":{"Est. reading time":"3 minutes"},"schema":{"@context":"https:\/\/schema.org","@graph":[{"@type":"WebPage","@id":"https:\/\/spnjo.uwr.edu.pl\/modern-language-courses-level-b2\/","url":"https:\/\/spnjo.uwr.edu.pl\/modern-language-courses-level-b2\/","name":"Modern Language Courses - Level B2+ - Studium Praktycznej Nauki J\u0119zyk\u00f3w Obcych","isPartOf":{"@id":"https:\/\/spnjo.uwr.edu.pl\/pl\/#website"},"primaryImageOfPage":{"@id":"https:\/\/spnjo.uwr.edu.pl\/modern-language-courses-level-b2\/#primaryimage"},"image":{"@id":"https:\/\/spnjo.uwr.edu.pl\/modern-language-courses-level-b2\/#primaryimage"},"thumbnailUrl":"https:\/\/spnjo.uwr.edu.pl\/wp-content\/uploads\/sites\/59\/2022\/08\/sudentka.jpeg","datePublished":"2022-08-09T12:04:19+00:00","dateModified":"2024-01-08T13:55:09+00:00","description":"Studium Praktycznej Nauki J\u0119zyk\u00f3w Obcych","breadcrumb":{"@id":"https:\/\/spnjo.uwr.edu.pl\/modern-language-courses-level-b2\/#breadcrumb"},"inLanguage":"en-US","potentialAction":[{"@type":"ReadAction","target":["https:\/\/spnjo.uwr.edu.pl\/modern-language-courses-level-b2\/"]}]},{"@type":"ImageObject","inLanguage":"en-US","@id":"https:\/\/spnjo.uwr.edu.pl\/modern-language-courses-level-b2\/#primaryimage","url":"https:\/\/spnjo.uwr.edu.pl\/wp-content\/uploads\/sites\/59\/2022\/08\/sudentka.jpeg","contentUrl":"https:\/\/spnjo.uwr.edu.pl\/wp-content\/uploads\/sites\/59\/2022\/08\/sudentka.jpeg"},{"@type":"BreadcrumbList","@id":"https:\/\/spnjo.uwr.edu.pl\/modern-language-courses-level-b2\/#breadcrumb","itemListElement":[{"@type":"ListItem","position":1,"name":"Strona g\u0142\u00f3wna","item":"https:\/\/spnjo.uwr.edu.pl\/"},{"@type":"ListItem","position":2,"name":"Modern Language Courses &#8211; Level B2+"}]},{"@type":"WebSite","@id":"https:\/\/spnjo.uwr.edu.pl\/pl\/#website","url":"https:\/\/spnjo.uwr.edu.pl\/pl\/","name":"Studium Praktycznej Nauki J\u0119zyk\u00f3w Obcych","description":"Kolejna witryna sieci \u201eUWR Witryny\u201d","publisher":{"@id":"https:\/\/spnjo.uwr.edu.pl\/pl\/#organization"},"potentialAction":[{"@type":"SearchAction","target":{"@type":"EntryPoint","urlTemplate":"https:\/\/spnjo.uwr.edu.pl\/pl\/?s={search_term_string}"},"query-input":{"@type":"PropertyValueSpecification","valueRequired":true,"valueName":"search_term_string"}}],"inLanguage":"en-US"},{"@type":"Organization","@id":"https:\/\/spnjo.uwr.edu.pl\/pl\/#organization","name":"Studium Praktycznej Nauki J\u0119zyk\u00f3w Obcych","url":"https:\/\/spnjo.uwr.edu.pl\/pl\/","logo":{"@type":"ImageObject","inLanguage":"en-US","@id":"https:\/\/spnjo.uwr.edu.pl\/pl\/#\/schema\/logo\/image\/","url":"https:\/\/spnjo.uwr.edu.pl\/wp-content\/uploads\/sites\/59\/2025\/10\/UWr-logotyp-2025.png","contentUrl":"https:\/\/spnjo.uwr.edu.pl\/wp-content\/uploads\/sites\/59\/2025\/10\/UWr-logotyp-2025.png","width":764,"height":269,"caption":"Studium Praktycznej Nauki J\u0119zyk\u00f3w Obcych"},"image":{"@id":"https:\/\/spnjo.uwr.edu.pl\/pl\/#\/schema\/logo\/image\/"}}]}},"publishpress_future_action":{"enabled":false,"date":"2026-04-11 23:05:54","action":"change-status","newStatus":"draft","terms":[],"taxonomy":"category","extraData":[]},"publishpress_future_workflow_manual_trigger":{"enabledWorkflows":[]},"_links":{"self":[{"href":"https:\/\/spnjo.uwr.edu.pl\/en\/wp-json\/wp\/v2\/pages\/31319\/"}],"collection":[{"href":"https:\/\/spnjo.uwr.edu.pl\/en\/wp-json\/wp\/v2\/pages\/"}],"about":[{"href":"https:\/\/spnjo.uwr.edu.pl\/en\/wp-json\/wp\/v2\/types\/page\/"}],"author":[{"embeddable":true,"href":"https:\/\/spnjo.uwr.edu.pl\/en\/wp-json\/wp\/v2\/users\/37\/"}],"replies":[{"embeddable":true,"href":"https:\/\/spnjo.uwr.edu.pl\/en\/wp-json\/wp\/v2\/comments\/?post=31319"}],"version-history":[{"count":14,"href":"https:\/\/spnjo.uwr.edu.pl\/en\/wp-json\/wp\/v2\/pages\/31319\/revisions\/"}],"predecessor-version":[{"id":42384,"href":"https:\/\/spnjo.uwr.edu.pl\/en\/wp-json\/wp\/v2\/pages\/31319\/revisions\/42384\/"}],"wp:attachment":[{"href":"https:\/\/spnjo.uwr.edu.pl\/en\/wp-json\/wp\/v2\/media\/?parent=31319"}],"wp:term":[{"taxonomy":"category","embeddable":true,"href":"https:\/\/spnjo.uwr.edu.pl\/en\/wp-json\/wp\/v2\/categories\/?post=31319"},{"taxonomy":"post_tag","embeddable":true,"href":"https:\/\/spnjo.uwr.edu.pl\/en\/wp-json\/wp\/v2\/tags\/?post=31319"}],"curies":[{"name":"wp","href":"https:\/\/api.w.org\/{rel}","templated":true}]}}