{"id":30974,"date":"2022-08-08T13:49:51","date_gmt":"2022-08-08T11:49:51","guid":{"rendered":"https:\/\/spnjo.uwr.edu.pl\/?page_id=30974"},"modified":"2024-10-22T13:26:28","modified_gmt":"2024-10-22T11:26:28","slug":"foreign-language-certificate-examination","status":"publish","type":"page","link":"https:\/\/spnjo.uwr.edu.pl\/en\/foreign-language-certificate-examination\/","title":{"rendered":"Foreign Language Certificate Examination"},"content":{"rendered":"\n<div class=\"alignfull wp-block-ugb-container ugb-container podstrona_sekcje ugb-12c4a27 ugb-container--v2 ugb-container--design-plain ugb-main-block\"><style>@media screen and (min-width:768px){.ugb-12c4a27.ugb-container{margin-bottom:0px !important;padding-right:0px !important;padding-bottom:50px !important;padding-left:0px !important}}@media screen and (min-width:768px){.ugb-12c4a27 > .ugb-inner-block > .ugb-block-content > *{padding-top:0px !important;padding-bottom:0px !important;padding-right:0px !important;padding-left:0px !important}}<\/style><div class=\"ugb-inner-block\"><div class=\"ugb-block-content\"><div class=\"ugb-container__wrapper ugb-12c4a27-wrapper\"><div class=\"ugb-container__side\"><div class=\"ugb-container__content-wrapper ugb-12c4a27-content-wrapper\">\n<div class=\"wp-block-media-text alignwide is-stacked-on-mobile is-vertically-aligned-top is-image-fill bs-naglowek-szablonu-kolumny\"><figure class=\"wp-block-media-text__media\" style=\"background-image:url(https:\/\/spnjo.uwr.edu.pl\/wp-content\/uploads\/sites\/59\/2022\/08\/Exam2-683x1024.webp);background-position:50% 50%\"><img loading=\"lazy\" decoding=\"async\" width=\"683\" height=\"1024\" src=\"https:\/\/spnjo.uwr.edu.pl\/wp-content\/uploads\/sites\/59\/2022\/08\/Exam2-683x1024.webp\" alt=\"Exam\" class=\"wp-image-30995 size-full\" srcset=\"https:\/\/spnjo.uwr.edu.pl\/wp-content\/uploads\/sites\/59\/2022\/08\/Exam2-683x1024.webp 683w, https:\/\/spnjo.uwr.edu.pl\/wp-content\/uploads\/sites\/59\/2022\/08\/Exam2-200x300.webp 200w, https:\/\/spnjo.uwr.edu.pl\/wp-content\/uploads\/sites\/59\/2022\/08\/Exam2-768x1152.webp 768w, https:\/\/spnjo.uwr.edu.pl\/wp-content\/uploads\/sites\/59\/2022\/08\/Exam2-16x24.webp 16w, https:\/\/spnjo.uwr.edu.pl\/wp-content\/uploads\/sites\/59\/2022\/08\/Exam2-24x36.webp 24w, https:\/\/spnjo.uwr.edu.pl\/wp-content\/uploads\/sites\/59\/2022\/08\/Exam2-32x48.webp 32w, https:\/\/spnjo.uwr.edu.pl\/wp-content\/uploads\/sites\/59\/2022\/08\/Exam2.webp 1000w\" sizes=\"auto, (max-width: 683px) 100vw, 683px\" \/><\/figure><div class=\"wp-block-media-text__content\">\n<div class=\"wp-block-bonasoft-modular-breadcrumbs-block\"><div class=\"bs_add_breadcrumb_trail\"><\/div><\/div>\n\n\n\n<hr class=\"wp-block-separator has-text-color has-black-color has-css-opacity has-black-background-color has-background is-style-wide bs-border-kontakt\"\/>\n\n\n<h1 style=\"font-style:normal;font-weight:700;\" class=\"bs-naglowek-podstrony wp-block-post-title\">Foreign Language Certificate Examination<\/h1>\n\n\n<div style=\"height:50px\" aria-hidden=\"true\" class=\"wp-block-spacer\"><\/div>\n\n\n\n<p><a href=\"https:\/\/spnjo.uwr.edu.pl\/en\/the-spnjo-uwr-certificate\/\" target=\"_blank\" rel=\"noreferrer noopener\">Certificate of SPNJO UWr in modern languages (English, German, French, Spanish, Italian, Russian) at the B2, C1 level (see curriculum content) and in Latin in the 2024\/2025 academic year<\/a><\/p>\n<\/div><\/div>\n\n\n\n<div class=\"wp-block-ugb-container ugb-container ugb-002ab8b ugb-container--v2 ugb-container--design-plain ugb-main-block\"><style>@media screen and (min-width:768px){.ugb-002ab8b.ugb-container{margin-bottom:0% !important;margin-right:6% !important;margin-left:6% !important}}@media screen and (min-width:768px){.ugb-002ab8b > .ugb-inner-block > .ugb-block-content > *{padding-top:0px !important;padding-bottom:0px !important;padding-right:0px !important;padding-left:0px !important}}<\/style><div class=\"ugb-inner-block\"><div class=\"ugb-block-content\"><div class=\"ugb-container__wrapper ugb-002ab8b-wrapper\"><div class=\"ugb-container__side\"><div class=\"ugb-container__content-wrapper ugb-002ab8b-content-wrapper\">\n<p><\/p>\n<\/div><\/div><\/div><\/div><\/div><\/div>\n\n\n\n<p><\/p>\n<\/div><\/div><\/div><\/div><\/div><\/div>\n","protected":false},"excerpt":{"rendered":"<p>Certificate of SPNJO UWr in modern languages (English, German, French, Spanish, Italian, Russian) at the B2, C1 level (see curriculum content) and in Latin in the 2024\/2025 academic year<\/p>\n","protected":false},"author":37,"featured_media":0,"parent":0,"menu_order":0,"comment_status":"closed","ping_status":"closed","template":"","meta":{"_acf_changed":false,"inline_featured_image":false,"site-sidebar-layout":"default","site-content-layout":"","ast-site-content-layout":"default","site-content-style":"default","site-sidebar-style":"default","ast-global-header-display":"","ast-banner-title-visibility":"","ast-main-header-display":"","ast-hfb-above-header-display":"","ast-hfb-below-header-display":"","ast-hfb-mobile-header-display":"","site-post-title":"","ast-breadcrumbs-content":"","ast-featured-img":"","footer-sml-layout":"","ast-disable-related-posts":"","theme-transparent-header-meta":"","adv-header-id-meta":"","stick-header-meta":"","header-above-stick-meta":"","header-main-stick-meta":"","header-below-stick-meta":"","astra-migrate-meta-layouts":"set","ast-page-background-enabled":"default","ast-page-background-meta":{"desktop":{"background-color":"","background-image":"","background-repeat":"repeat","background-position":"center center","background-size":"auto","background-attachment":"scroll","background-type":"","background-media":"","overlay-type":"","overlay-color":"","overlay-opacity":"","overlay-gradient":""},"tablet":{"background-color":"","background-image":"","background-repeat":"repeat","background-position":"center center","background-size":"auto","background-attachment":"scroll","background-type":"","background-media":"","overlay-type":"","overlay-color":"","overlay-opacity":"","overlay-gradient":""},"mobile":{"background-color":"","background-image":"","background-repeat":"repeat","background-position":"center center","background-size":"auto","background-attachment":"scroll","background-type":"","background-media":"","overlay-type":"","overlay-color":"","overlay-opacity":"","overlay-gradient":""}},"ast-content-background-meta":{"desktop":{"background-color":"var(--ast-global-color-5)","background-image":"","background-repeat":"repeat","background-position":"center center","background-size":"auto","background-attachment":"scroll","background-type":"","background-media":"","overlay-type":"","overlay-color":"","overlay-opacity":"","overlay-gradient":""},"tablet":{"background-color":"var(--ast-global-color-5)","background-image":"","background-repeat":"repeat","background-position":"center center","background-size":"auto","background-attachment":"scroll","background-type":"","background-media":"","overlay-type":"","overlay-color":"","overlay-opacity":"","overlay-gradient":""},"mobile":{"background-color":"var(--ast-global-color-5)","background-image":"","background-repeat":"repeat","background-position":"center center","background-size":"auto","background-attachment":"scroll","background-type":"","background-media":"","overlay-type":"","overlay-color":"","overlay-opacity":"","overlay-gradient":""}},"footnotes":""},"categories":[],"tags":[],"class_list":["post-30974","page","type-page","status-publish","hentry"],"featured_image_urls_v2":{"full":"","thumbnail":"","medium":"","medium_large":"","large":"","1536x1536":"","2048x2048":"","menu-24x24":"","menu-36x36":"","menu-48x48":""},"post_excerpt_stackable_v2":"<p>Foreign Language Certificate Examination Certificate of SPNJO UWr in modern languages (English, German, French, Spanish, Italian, Russian) at the B2, C1 level (see curriculum content) and in Latin in the 2024\/2025 academic year<\/p>\n","category_list_v2":"Uncategorized","author_info_v2":{"name":"Izabela Jaraszek","url":"https:\/\/spnjo.uwr.edu.pl\/en\/author\/ijaraszek\/"},"comments_num_v2":"0 comments","acf":[],"yoast_head":"<!-- This site is optimized with the Yoast SEO plugin v27.1.1 - https:\/\/yoast.com\/product\/yoast-seo-wordpress\/ -->\n<title>Foreign Language Certificate Examination - Studium Praktycznej Nauki J\u0119zyk\u00f3w Obcych<\/title>\n<meta name=\"description\" content=\"Studium Praktycznej Nauki J\u0119zyk\u00f3w Obcych\" \/>\n<meta name=\"robots\" content=\"index, follow, max-snippet:-1, max-image-preview:large, max-video-preview:-1\" \/>\n<link rel=\"canonical\" href=\"https:\/\/spnjo.uwr.edu.pl\/foreign-language-certificate-examination\/\" \/>\n<meta property=\"og:locale\" content=\"en_US\" \/>\n<meta property=\"og:type\" content=\"article\" \/>\n<meta property=\"og:title\" content=\"Foreign Language Certificate Examination - Studium Praktycznej Nauki J\u0119zyk\u00f3w Obcych\" \/>\n<meta property=\"og:description\" content=\"Studium Praktycznej Nauki J\u0119zyk\u00f3w Obcych\" \/>\n<meta property=\"og:url\" content=\"https:\/\/spnjo.uwr.edu.pl\/foreign-language-certificate-examination\/\" \/>\n<meta property=\"og:site_name\" content=\"Studium Praktycznej Nauki J\u0119zyk\u00f3w Obcych\" \/>\n<meta property=\"article:modified_time\" content=\"2024-10-22T11:26:28+00:00\" \/>\n<meta property=\"og:image\" content=\"https:\/\/spnjo.uwr.edu.pl\/wp-content\/uploads\/sites\/59\/2022\/08\/Exam2-683x1024.webp\" \/>\n<meta name=\"twitter:card\" content=\"summary_large_image\" \/>\n<meta name=\"twitter:label1\" content=\"Est. reading time\" \/>\n\t<meta name=\"twitter:data1\" content=\"1 minute\" \/>\n<script type=\"application\/ld+json\" class=\"yoast-schema-graph\">{\"@context\":\"https:\/\/schema.org\",\"@graph\":[{\"@type\":\"WebPage\",\"@id\":\"https:\/\/spnjo.uwr.edu.pl\/foreign-language-certificate-examination\/\",\"url\":\"https:\/\/spnjo.uwr.edu.pl\/foreign-language-certificate-examination\/\",\"name\":\"Foreign Language Certificate Examination - Studium Praktycznej Nauki J\u0119zyk\u00f3w Obcych\",\"isPartOf\":{\"@id\":\"https:\/\/spnjo.uwr.edu.pl\/pl\/#website\"},\"primaryImageOfPage\":{\"@id\":\"https:\/\/spnjo.uwr.edu.pl\/foreign-language-certificate-examination\/#primaryimage\"},\"image\":{\"@id\":\"https:\/\/spnjo.uwr.edu.pl\/foreign-language-certificate-examination\/#primaryimage\"},\"thumbnailUrl\":\"https:\/\/spnjo.uwr.edu.pl\/wp-content\/uploads\/sites\/59\/2022\/08\/Exam2-683x1024.webp\",\"datePublished\":\"2022-08-08T11:49:51+00:00\",\"dateModified\":\"2024-10-22T11:26:28+00:00\",\"description\":\"Studium Praktycznej Nauki J\u0119zyk\u00f3w Obcych\",\"breadcrumb\":{\"@id\":\"https:\/\/spnjo.uwr.edu.pl\/foreign-language-certificate-examination\/#breadcrumb\"},\"inLanguage\":\"en-US\",\"potentialAction\":[{\"@type\":\"ReadAction\",\"target\":[\"https:\/\/spnjo.uwr.edu.pl\/foreign-language-certificate-examination\/\"]}]},{\"@type\":\"ImageObject\",\"inLanguage\":\"en-US\",\"@id\":\"https:\/\/spnjo.uwr.edu.pl\/foreign-language-certificate-examination\/#primaryimage\",\"url\":\"https:\/\/spnjo.uwr.edu.pl\/wp-content\/uploads\/sites\/59\/2022\/08\/Exam2-683x1024.webp\",\"contentUrl\":\"https:\/\/spnjo.uwr.edu.pl\/wp-content\/uploads\/sites\/59\/2022\/08\/Exam2-683x1024.webp\"},{\"@type\":\"BreadcrumbList\",\"@id\":\"https:\/\/spnjo.uwr.edu.pl\/foreign-language-certificate-examination\/#breadcrumb\",\"itemListElement\":[{\"@type\":\"ListItem\",\"position\":1,\"name\":\"Strona g\u0142\u00f3wna\",\"item\":\"https:\/\/spnjo.uwr.edu.pl\/\"},{\"@type\":\"ListItem\",\"position\":2,\"name\":\"Foreign Language Certificate Examination\"}]},{\"@type\":\"WebSite\",\"@id\":\"https:\/\/spnjo.uwr.edu.pl\/pl\/#website\",\"url\":\"https:\/\/spnjo.uwr.edu.pl\/pl\/\",\"name\":\"Studium Praktycznej Nauki J\u0119zyk\u00f3w Obcych\",\"description\":\"Kolejna witryna sieci \u201eUWR Witryny\u201d\",\"publisher\":{\"@id\":\"https:\/\/spnjo.uwr.edu.pl\/pl\/#organization\"},\"potentialAction\":[{\"@type\":\"SearchAction\",\"target\":{\"@type\":\"EntryPoint\",\"urlTemplate\":\"https:\/\/spnjo.uwr.edu.pl\/pl\/?s={search_term_string}\"},\"query-input\":{\"@type\":\"PropertyValueSpecification\",\"valueRequired\":true,\"valueName\":\"search_term_string\"}}],\"inLanguage\":\"en-US\"},{\"@type\":\"Organization\",\"@id\":\"https:\/\/spnjo.uwr.edu.pl\/pl\/#organization\",\"name\":\"Studium Praktycznej Nauki J\u0119zyk\u00f3w Obcych\",\"url\":\"https:\/\/spnjo.uwr.edu.pl\/pl\/\",\"logo\":{\"@type\":\"ImageObject\",\"inLanguage\":\"en-US\",\"@id\":\"https:\/\/spnjo.uwr.edu.pl\/pl\/#\/schema\/logo\/image\/\",\"url\":\"https:\/\/spnjo.uwr.edu.pl\/wp-content\/uploads\/sites\/59\/2025\/10\/UWr-logotyp-2025.png\",\"contentUrl\":\"https:\/\/spnjo.uwr.edu.pl\/wp-content\/uploads\/sites\/59\/2025\/10\/UWr-logotyp-2025.png\",\"width\":764,\"height\":269,\"caption\":\"Studium Praktycznej Nauki J\u0119zyk\u00f3w Obcych\"},\"image\":{\"@id\":\"https:\/\/spnjo.uwr.edu.pl\/pl\/#\/schema\/logo\/image\/\"}}]}<\/script>\n<!-- \/ Yoast SEO plugin. -->","yoast_head_json":{"title":"Foreign Language Certificate Examination - Studium Praktycznej Nauki J\u0119zyk\u00f3w Obcych","description":"Studium Praktycznej Nauki J\u0119zyk\u00f3w Obcych","robots":{"index":"index","follow":"follow","max-snippet":"max-snippet:-1","max-image-preview":"max-image-preview:large","max-video-preview":"max-video-preview:-1"},"canonical":"https:\/\/spnjo.uwr.edu.pl\/foreign-language-certificate-examination\/","og_locale":"en_US","og_type":"article","og_title":"Foreign Language Certificate Examination - Studium Praktycznej Nauki J\u0119zyk\u00f3w Obcych","og_description":"Studium Praktycznej Nauki J\u0119zyk\u00f3w Obcych","og_url":"https:\/\/spnjo.uwr.edu.pl\/foreign-language-certificate-examination\/","og_site_name":"Studium Praktycznej Nauki J\u0119zyk\u00f3w Obcych","article_modified_time":"2024-10-22T11:26:28+00:00","og_image":[{"url":"https:\/\/spnjo.uwr.edu.pl\/wp-content\/uploads\/sites\/59\/2022\/08\/Exam2-683x1024.webp","type":"","width":"","height":""}],"twitter_card":"summary_large_image","twitter_misc":{"Est. reading time":"1 minute"},"schema":{"@context":"https:\/\/schema.org","@graph":[{"@type":"WebPage","@id":"https:\/\/spnjo.uwr.edu.pl\/foreign-language-certificate-examination\/","url":"https:\/\/spnjo.uwr.edu.pl\/foreign-language-certificate-examination\/","name":"Foreign Language Certificate Examination - Studium Praktycznej Nauki J\u0119zyk\u00f3w Obcych","isPartOf":{"@id":"https:\/\/spnjo.uwr.edu.pl\/pl\/#website"},"primaryImageOfPage":{"@id":"https:\/\/spnjo.uwr.edu.pl\/foreign-language-certificate-examination\/#primaryimage"},"image":{"@id":"https:\/\/spnjo.uwr.edu.pl\/foreign-language-certificate-examination\/#primaryimage"},"thumbnailUrl":"https:\/\/spnjo.uwr.edu.pl\/wp-content\/uploads\/sites\/59\/2022\/08\/Exam2-683x1024.webp","datePublished":"2022-08-08T11:49:51+00:00","dateModified":"2024-10-22T11:26:28+00:00","description":"Studium Praktycznej Nauki J\u0119zyk\u00f3w Obcych","breadcrumb":{"@id":"https:\/\/spnjo.uwr.edu.pl\/foreign-language-certificate-examination\/#breadcrumb"},"inLanguage":"en-US","potentialAction":[{"@type":"ReadAction","target":["https:\/\/spnjo.uwr.edu.pl\/foreign-language-certificate-examination\/"]}]},{"@type":"ImageObject","inLanguage":"en-US","@id":"https:\/\/spnjo.uwr.edu.pl\/foreign-language-certificate-examination\/#primaryimage","url":"https:\/\/spnjo.uwr.edu.pl\/wp-content\/uploads\/sites\/59\/2022\/08\/Exam2-683x1024.webp","contentUrl":"https:\/\/spnjo.uwr.edu.pl\/wp-content\/uploads\/sites\/59\/2022\/08\/Exam2-683x1024.webp"},{"@type":"BreadcrumbList","@id":"https:\/\/spnjo.uwr.edu.pl\/foreign-language-certificate-examination\/#breadcrumb","itemListElement":[{"@type":"ListItem","position":1,"name":"Strona g\u0142\u00f3wna","item":"https:\/\/spnjo.uwr.edu.pl\/"},{"@type":"ListItem","position":2,"name":"Foreign Language Certificate Examination"}]},{"@type":"WebSite","@id":"https:\/\/spnjo.uwr.edu.pl\/pl\/#website","url":"https:\/\/spnjo.uwr.edu.pl\/pl\/","name":"Studium Praktycznej Nauki J\u0119zyk\u00f3w Obcych","description":"Kolejna witryna sieci \u201eUWR Witryny\u201d","publisher":{"@id":"https:\/\/spnjo.uwr.edu.pl\/pl\/#organization"},"potentialAction":[{"@type":"SearchAction","target":{"@type":"EntryPoint","urlTemplate":"https:\/\/spnjo.uwr.edu.pl\/pl\/?s={search_term_string}"},"query-input":{"@type":"PropertyValueSpecification","valueRequired":true,"valueName":"search_term_string"}}],"inLanguage":"en-US"},{"@type":"Organization","@id":"https:\/\/spnjo.uwr.edu.pl\/pl\/#organization","name":"Studium Praktycznej Nauki J\u0119zyk\u00f3w Obcych","url":"https:\/\/spnjo.uwr.edu.pl\/pl\/","logo":{"@type":"ImageObject","inLanguage":"en-US","@id":"https:\/\/spnjo.uwr.edu.pl\/pl\/#\/schema\/logo\/image\/","url":"https:\/\/spnjo.uwr.edu.pl\/wp-content\/uploads\/sites\/59\/2025\/10\/UWr-logotyp-2025.png","contentUrl":"https:\/\/spnjo.uwr.edu.pl\/wp-content\/uploads\/sites\/59\/2025\/10\/UWr-logotyp-2025.png","width":764,"height":269,"caption":"Studium Praktycznej Nauki J\u0119zyk\u00f3w Obcych"},"image":{"@id":"https:\/\/spnjo.uwr.edu.pl\/pl\/#\/schema\/logo\/image\/"}}]}},"publishpress_future_action":{"enabled":false,"date":"2026-04-29 20:40:50","action":"change-status","newStatus":"draft","terms":[],"taxonomy":"category","extraData":[]},"publishpress_future_workflow_manual_trigger":{"enabledWorkflows":[]},"_links":{"self":[{"href":"https:\/\/spnjo.uwr.edu.pl\/en\/wp-json\/wp\/v2\/pages\/30974\/"}],"collection":[{"href":"https:\/\/spnjo.uwr.edu.pl\/en\/wp-json\/wp\/v2\/pages\/"}],"about":[{"href":"https:\/\/spnjo.uwr.edu.pl\/en\/wp-json\/wp\/v2\/types\/page\/"}],"author":[{"embeddable":true,"href":"https:\/\/spnjo.uwr.edu.pl\/en\/wp-json\/wp\/v2\/users\/37\/"}],"replies":[{"embeddable":true,"href":"https:\/\/spnjo.uwr.edu.pl\/en\/wp-json\/wp\/v2\/comments\/?post=30974"}],"version-history":[{"count":5,"href":"https:\/\/spnjo.uwr.edu.pl\/en\/wp-json\/wp\/v2\/pages\/30974\/revisions\/"}],"predecessor-version":[{"id":47990,"href":"https:\/\/spnjo.uwr.edu.pl\/en\/wp-json\/wp\/v2\/pages\/30974\/revisions\/47990\/"}],"wp:attachment":[{"href":"https:\/\/spnjo.uwr.edu.pl\/en\/wp-json\/wp\/v2\/media\/?parent=30974"}],"wp:term":[{"taxonomy":"category","embeddable":true,"href":"https:\/\/spnjo.uwr.edu.pl\/en\/wp-json\/wp\/v2\/categories\/?post=30974"},{"taxonomy":"post_tag","embeddable":true,"href":"https:\/\/spnjo.uwr.edu.pl\/en\/wp-json\/wp\/v2\/tags\/?post=30974"}],"curies":[{"name":"wp","href":"https:\/\/api.w.org\/{rel}","templated":true}]}}